{"id":641,"date":"2018-08-02T17:44:37","date_gmt":"2018-08-02T17:44:37","guid":{"rendered":"https:\/\/elkeradhuber.at\/?page_id=641"},"modified":"2019-02-12T18:40:31","modified_gmt":"2019-02-12T18:40:31","slug":"02_psychotherapie__persoenlichkeitsentwicklung","status":"publish","type":"page","link":"https:\/\/elkeradhuber.at\/?page_id=641","title":{"rendered":"02-04_Psychotherapie__Persoenlichkeitsentwicklung"},"content":{"rendered":"<div id=\"pl-641\"  class=\"panel-layout\" ><div id=\"pg-641-0\"  class=\"panel-grid panel-no-style\" ><div id=\"pgc-641-0-0\"  class=\"panel-grid-cell\" ><div id=\"panel-641-0-0-0\" class=\"so-panel widget widget_black-studio-tinymce widget_black_studio_tinymce panel-first-child\" data-index=\"0\" ><div class=\"textwidget\"><p><span class=\"home-boxheadline\">Psychotherapie als Pers\u00f6nlichkeitsentwicklung<\/span><\/p>\n<p style=\"text-align: justify;\"><span class=\"home-boxtext\"><br \/>\nEs muss nicht unbedingt eine St\u00f6rung oder ein Leidenszustand bestehen, um Psychotherapie f\u00fcr sich zu nutzen. Psychotherapie ist eine M\u00f6glichkeit das pers\u00f6nliche Wachstum zu f\u00f6rdern und um Lebensthemen hilfreich zu begleiten.<br \/>\n<\/span><\/p>\n<\/div><\/div><div id=\"panel-641-0-0-1\" class=\"so-panel widget widget_sow-image\" data-index=\"1\" ><div\n\t\t\t\n\t\t\tclass=\"so-widget-sow-image so-widget-sow-image-default-8b5b6f678277-641\"\n\t\t\t\n\t\t>\n<div class=\"sow-image-container\">\n\t\t<img \n\tsrc=\"gantry-media:\/\/02_Psychotherapie\/Haeufige_Themen\/04_Persoenlichkeitsentwicklung\/Persoenl-entw_1024x576px_Pexels_draussen-erholung_von_quang_nguyen.jpg\" title=\"02-04_Psychotherapie__Persoenlichkeitsentwicklung\" alt=\"draussen Erholung\" \t\tclass=\"so-widget-image\"\/>\n\t<\/div>\n\n<\/div><\/div><div id=\"panel-641-0-0-2\" class=\"so-panel widget widget_black-studio-tinymce widget_black_studio_tinymce\" data-index=\"2\" ><div class=\"textwidget\"><p style=\"text-align: justify;\"><span class=\"home-boxtext\"><br \/>\nSo k\u00f6nnen eigene Muster und Verhaltensweisen reflektiert und eingeordnet werden. Oft geht es um Selbsterkenntnis und die St\u00e4rkung und F\u00f6rderung von Sinnerleben und Lebensfreude. Auch die F\u00f6rderung der eigenen Potenziale durch Erkennen und Verstehen etwaiger Blockaden k\u00f6nnen dabei eine wichtige Rolle spielen. Die \u00dcberwindung von H\u00fcrden kann zu einem Reifeprozess und mehr Lebensqualit\u00e4t f\u00fchren.<br \/>\n<\/span><\/p>\n<p>&nbsp;<\/p>\n<\/div><\/div><div id=\"panel-641-0-0-3\" class=\"so-panel widget widget_black-studio-tinymce widget_black_studio_tinymce\" data-index=\"3\" ><div class=\"textwidget\"><p><span class=\"home-boxheadline\">Selbsterfahrung<\/span><\/p>\n<p style=\"text-align: justify;\"><span class=\"home-boxtext\"><br \/>\nIn vielen Berufen macht es Sinn, einen Selbsterfahrungs-Prozess zu durchlaufen. Besonders in Bereichen, wo pers\u00f6nlicher und intensiver Kontakt mit Menschen besteht. Kurz gefasst geht es bei einer Selbsterfahrung neben der Pers\u00f6nlichkeitsentwicklung vor allem darum, sich selbst gut zu kennen. Das bedeutet beispielsweise, zu sp\u00fcren, wenn einem etwas pers\u00f6nlich trifft und in der Lage zu sein, zu differenzieren, warum es einem nahe geht. Dies ist beispielsweise wichtig, um pers\u00f6nliche Themen nicht mit den Themen von PatientInnen oder KundInnen zu vermischen. Selbsterfahrung hat die Arbeit an sich selbst zum Ziel und mit eigenen blinden Flecken in Kontakt zu treten. Dadurch soll die F\u00e4higkeit gef\u00f6rdert werden, in einem professionellen Kontext stets im Wohle von PatientInnen oder KundInnen t\u00e4tig zu sein.<br \/>\n<\/span><\/p>\n<\/div><\/div><div id=\"panel-641-0-0-4\" class=\"so-panel widget widget_sow-image\" data-index=\"4\" ><div\n\t\t\t\n\t\t\tclass=\"so-widget-sow-image so-widget-sow-image-default-8b5b6f678277-641\"\n\t\t\t\n\t\t>\n<div class=\"sow-image-container\">\n\t\t<img \n\tsrc=\"gantry-media:\/\/02_Psychotherapie\/Haeufige_Themen\/04_Persoenlichkeitsentwicklung\/Persoenl-entw_1024x545px_Pexles_road-nature-hand-path_von_splitshire.jpg\" title=\"02-04_Psychotherapie__Persoenlichkeitsentwicklung\" alt=\"Strasse in die Natur\" \t\tclass=\"so-widget-image\"\/>\n\t<\/div>\n\n<\/div><\/div><div id=\"panel-641-0-0-5\" class=\"so-panel widget widget_black-studio-tinymce widget_black_studio_tinymce panel-last-child\" data-index=\"5\" ><div class=\"textwidget\"><p style=\"text-align: justify;\"><span class=\"home-boxtext\"><br \/>\nIn psychosozialen Ausbildungen ist Selbsterfahrung h\u00e4ufig gesetzlich vorgeschrieben. Ich biete in meiner Praxis Selbsterfahrung an, die grunds\u00e4tzlich auch f\u00fcr diverse Ausbildungen anrechenbar ist (zB Psychotherapeutische Prop\u00e4deutikum, Klinische Gesundheitspsychologen, Lebens- und Sozialberater).<br \/>\n<\/span><\/p>\n<\/div><\/div><\/div><\/div><\/div>","protected":false},"excerpt":{"rendered":"<p>Psychotherapie als Pers\u00f6nlichkeitsentwicklung Es muss nicht unbedingt eine St\u00f6rung oder ein Leidenszustand bestehen, um Psychotherapie f\u00fcr sich zu nutzen. Psychotherapie ist eine M\u00f6glichkeit das pers\u00f6nliche Wachstum zu f\u00f6rdern und um Lebensthemen hilfreich zu begleiten. So k\u00f6nnen eigene Muster und Verhaltensweisen reflektiert und eingeordnet werden. Oft geht es um Selbsterkenntnis und die St\u00e4rkung und F\u00f6rderung von [&hellip;]<\/p>\n","protected":false},"author":2,"featured_media":0,"parent":0,"menu_order":0,"comment_status":"closed","ping_status":"closed","template":"","meta":{"footnotes":""},"class_list":["post-641","page","type-page","status-publish","hentry"],"yoast_head":"<!-- This site is optimized with the Yoast SEO plugin v26.2 - https:\/\/yoast.com\/wordpress\/plugins\/seo\/ -->\n<title>02-04_Psychotherapie__Persoenlichkeitsentwicklung | Mag. Elke Radhuber | Psychotherapie und Coaching<\/title>\n<meta name=\"robots\" content=\"index, follow, max-snippet:-1, max-image-preview:large, max-video-preview:-1\" \/>\n<link rel=\"canonical\" href=\"https:\/\/elkeradhuber.at\/?page_id=641\" \/>\n<meta property=\"og:locale\" content=\"de_DE\" \/>\n<meta property=\"og:type\" content=\"article\" \/>\n<meta property=\"og:title\" content=\"02-04_Psychotherapie__Persoenlichkeitsentwicklung | Mag. Elke Radhuber | Psychotherapie und Coaching\" \/>\n<meta property=\"og:description\" content=\"Psychotherapie als Pers\u00f6nlichkeitsentwicklung Es muss nicht unbedingt eine St\u00f6rung oder ein Leidenszustand bestehen, um Psychotherapie f\u00fcr sich zu nutzen. Psychotherapie ist eine M\u00f6glichkeit das pers\u00f6nliche Wachstum zu f\u00f6rdern und um Lebensthemen hilfreich zu begleiten. So k\u00f6nnen eigene Muster und Verhaltensweisen reflektiert und eingeordnet werden. Oft geht es um Selbsterkenntnis und die St\u00e4rkung und F\u00f6rderung von [&hellip;]\" \/>\n<meta property=\"og:url\" content=\"https:\/\/elkeradhuber.at\/?page_id=641\" \/>\n<meta property=\"og:site_name\" content=\"Mag. Elke Radhuber | Psychotherapie und Coaching\" \/>\n<meta property=\"article:publisher\" content=\"https:\/\/www.facebook.com\/psychotherapieradhuber\/\" \/>\n<meta property=\"article:modified_time\" content=\"2019-02-12T18:40:31+00:00\" \/>\n<meta property=\"og:image\" content=\"https:\/\/elkeradhuber.at\/wp-content\/uploads\/2025\/10\/Praxis_Mag_Elke_Radhuber_1200x675px.png\" \/>\n\t<meta property=\"og:image:width\" content=\"1200\" \/>\n\t<meta property=\"og:image:height\" content=\"675\" \/>\n\t<meta property=\"og:image:type\" content=\"image\/png\" \/>\n<meta name=\"twitter:card\" content=\"summary_large_image\" \/>\n<meta name=\"twitter:label1\" content=\"Gesch\u00e4tzte Lesezeit\" \/>\n\t<meta name=\"twitter:data1\" content=\"1 Minute\" \/>\n<script type=\"application\/ld+json\" class=\"yoast-schema-graph\">{\"@context\":\"https:\/\/schema.org\",\"@graph\":[{\"@type\":\"WebPage\",\"@id\":\"https:\/\/elkeradhuber.at\/?page_id=641\",\"url\":\"https:\/\/elkeradhuber.at\/?page_id=641\",\"name\":\"02-04_Psychotherapie__Persoenlichkeitsentwicklung | Mag. Elke Radhuber | Psychotherapie und Coaching\",\"isPartOf\":{\"@id\":\"https:\/\/elkeradhuber.at\/#website\"},\"datePublished\":\"2018-08-02T17:44:37+00:00\",\"dateModified\":\"2019-02-12T18:40:31+00:00\",\"breadcrumb\":{\"@id\":\"https:\/\/elkeradhuber.at\/?page_id=641#breadcrumb\"},\"inLanguage\":\"de-AT\",\"potentialAction\":[{\"@type\":\"ReadAction\",\"target\":[\"https:\/\/elkeradhuber.at\/?page_id=641\"]}]},{\"@type\":\"BreadcrumbList\",\"@id\":\"https:\/\/elkeradhuber.at\/?page_id=641#breadcrumb\",\"itemListElement\":[{\"@type\":\"ListItem\",\"position\":1,\"name\":\"Home\",\"item\":\"https:\/\/elkeradhuber.at\/\"},{\"@type\":\"ListItem\",\"position\":2,\"name\":\"02-04_Psychotherapie__Persoenlichkeitsentwicklung\"}]},{\"@type\":\"WebSite\",\"@id\":\"https:\/\/elkeradhuber.at\/#website\",\"url\":\"https:\/\/elkeradhuber.at\/\",\"name\":\"Mag. Elke Radhuber | Psychotherapie und Coaching\",\"description\":\"Webseite zur Praxis f\u00fcr Psychotherapie und Coaching von Mag. Elke Radhuber\",\"publisher\":{\"@id\":\"https:\/\/elkeradhuber.at\/#organization\"},\"alternateName\":\"Praxis f\u00fcr Psychotherapie und Coaching | Mag. Elke Radhuber\",\"potentialAction\":[{\"@type\":\"SearchAction\",\"target\":{\"@type\":\"EntryPoint\",\"urlTemplate\":\"https:\/\/elkeradhuber.at\/?s={search_term_string}\"},\"query-input\":{\"@type\":\"PropertyValueSpecification\",\"valueRequired\":true,\"valueName\":\"search_term_string\"}}],\"inLanguage\":\"de-AT\"},{\"@type\":\"Organization\",\"@id\":\"https:\/\/elkeradhuber.at\/#organization\",\"name\":\"Mag. Elke Radhuber | Praxis f\u00fcr Psychotherapie und Coaching\",\"alternateName\":\"Praxis f\u00fcr Psychotherapie und Coaching | Mag. Elke Radhuber\",\"url\":\"https:\/\/elkeradhuber.at\/\",\"logo\":{\"@type\":\"ImageObject\",\"inLanguage\":\"de-AT\",\"@id\":\"https:\/\/elkeradhuber.at\/#\/schema\/logo\/image\/\",\"url\":\"https:\/\/elkeradhuber.at\/wp-content\/uploads\/2020\/03\/elke_079_extended.jpg\",\"contentUrl\":\"https:\/\/elkeradhuber.at\/wp-content\/uploads\/2020\/03\/elke_079_extended.jpg\",\"width\":1920,\"height\":1282,\"caption\":\"Mag. Elke Radhuber | Praxis f\u00fcr Psychotherapie und Coaching\"},\"image\":{\"@id\":\"https:\/\/elkeradhuber.at\/#\/schema\/logo\/image\/\"},\"sameAs\":[\"https:\/\/www.facebook.com\/psychotherapieradhuber\/\",\"https:\/\/www.instagram.com\/elke_radhuber\/\"]}]}<\/script>\n<!-- \/ Yoast SEO plugin. -->","yoast_head_json":{"title":"02-04_Psychotherapie__Persoenlichkeitsentwicklung | Mag. Elke Radhuber | Psychotherapie und Coaching","robots":{"index":"index","follow":"follow","max-snippet":"max-snippet:-1","max-image-preview":"max-image-preview:large","max-video-preview":"max-video-preview:-1"},"canonical":"https:\/\/elkeradhuber.at\/?page_id=641","og_locale":"de_DE","og_type":"article","og_title":"02-04_Psychotherapie__Persoenlichkeitsentwicklung | Mag. Elke Radhuber | Psychotherapie und Coaching","og_description":"Psychotherapie als Pers\u00f6nlichkeitsentwicklung Es muss nicht unbedingt eine St\u00f6rung oder ein Leidenszustand bestehen, um Psychotherapie f\u00fcr sich zu nutzen. Psychotherapie ist eine M\u00f6glichkeit das pers\u00f6nliche Wachstum zu f\u00f6rdern und um Lebensthemen hilfreich zu begleiten. So k\u00f6nnen eigene Muster und Verhaltensweisen reflektiert und eingeordnet werden. Oft geht es um Selbsterkenntnis und die St\u00e4rkung und F\u00f6rderung von [&hellip;]","og_url":"https:\/\/elkeradhuber.at\/?page_id=641","og_site_name":"Mag. Elke Radhuber | Psychotherapie und Coaching","article_publisher":"https:\/\/www.facebook.com\/psychotherapieradhuber\/","article_modified_time":"2019-02-12T18:40:31+00:00","og_image":[{"width":1200,"height":675,"url":"https:\/\/elkeradhuber.at\/wp-content\/uploads\/2025\/10\/Praxis_Mag_Elke_Radhuber_1200x675px.png","type":"image\/png"}],"twitter_card":"summary_large_image","twitter_misc":{"Gesch\u00e4tzte Lesezeit":"1 Minute"},"schema":{"@context":"https:\/\/schema.org","@graph":[{"@type":"WebPage","@id":"https:\/\/elkeradhuber.at\/?page_id=641","url":"https:\/\/elkeradhuber.at\/?page_id=641","name":"02-04_Psychotherapie__Persoenlichkeitsentwicklung | Mag. Elke Radhuber | Psychotherapie und Coaching","isPartOf":{"@id":"https:\/\/elkeradhuber.at\/#website"},"datePublished":"2018-08-02T17:44:37+00:00","dateModified":"2019-02-12T18:40:31+00:00","breadcrumb":{"@id":"https:\/\/elkeradhuber.at\/?page_id=641#breadcrumb"},"inLanguage":"de-AT","potentialAction":[{"@type":"ReadAction","target":["https:\/\/elkeradhuber.at\/?page_id=641"]}]},{"@type":"BreadcrumbList","@id":"https:\/\/elkeradhuber.at\/?page_id=641#breadcrumb","itemListElement":[{"@type":"ListItem","position":1,"name":"Home","item":"https:\/\/elkeradhuber.at\/"},{"@type":"ListItem","position":2,"name":"02-04_Psychotherapie__Persoenlichkeitsentwicklung"}]},{"@type":"WebSite","@id":"https:\/\/elkeradhuber.at\/#website","url":"https:\/\/elkeradhuber.at\/","name":"Mag. Elke Radhuber | Psychotherapie und Coaching","description":"Webseite zur Praxis f\u00fcr Psychotherapie und Coaching von Mag. Elke Radhuber","publisher":{"@id":"https:\/\/elkeradhuber.at\/#organization"},"alternateName":"Praxis f\u00fcr Psychotherapie und Coaching | Mag. Elke Radhuber","potentialAction":[{"@type":"SearchAction","target":{"@type":"EntryPoint","urlTemplate":"https:\/\/elkeradhuber.at\/?s={search_term_string}"},"query-input":{"@type":"PropertyValueSpecification","valueRequired":true,"valueName":"search_term_string"}}],"inLanguage":"de-AT"},{"@type":"Organization","@id":"https:\/\/elkeradhuber.at\/#organization","name":"Mag. Elke Radhuber | Praxis f\u00fcr Psychotherapie und Coaching","alternateName":"Praxis f\u00fcr Psychotherapie und Coaching | Mag. Elke Radhuber","url":"https:\/\/elkeradhuber.at\/","logo":{"@type":"ImageObject","inLanguage":"de-AT","@id":"https:\/\/elkeradhuber.at\/#\/schema\/logo\/image\/","url":"https:\/\/elkeradhuber.at\/wp-content\/uploads\/2020\/03\/elke_079_extended.jpg","contentUrl":"https:\/\/elkeradhuber.at\/wp-content\/uploads\/2020\/03\/elke_079_extended.jpg","width":1920,"height":1282,"caption":"Mag. Elke Radhuber | Praxis f\u00fcr Psychotherapie und Coaching"},"image":{"@id":"https:\/\/elkeradhuber.at\/#\/schema\/logo\/image\/"},"sameAs":["https:\/\/www.facebook.com\/psychotherapieradhuber\/","https:\/\/www.instagram.com\/elke_radhuber\/"]}]}},"_links":{"self":[{"href":"https:\/\/elkeradhuber.at\/index.php?rest_route=\/wp\/v2\/pages\/641","targetHints":{"allow":["GET"]}}],"collection":[{"href":"https:\/\/elkeradhuber.at\/index.php?rest_route=\/wp\/v2\/pages"}],"about":[{"href":"https:\/\/elkeradhuber.at\/index.php?rest_route=\/wp\/v2\/types\/page"}],"author":[{"embeddable":true,"href":"https:\/\/elkeradhuber.at\/index.php?rest_route=\/wp\/v2\/users\/2"}],"replies":[{"embeddable":true,"href":"https:\/\/elkeradhuber.at\/index.php?rest_route=%2Fwp%2Fv2%2Fcomments&post=641"}],"version-history":[{"count":46,"href":"https:\/\/elkeradhuber.at\/index.php?rest_route=\/wp\/v2\/pages\/641\/revisions"}],"predecessor-version":[{"id":1160,"href":"https:\/\/elkeradhuber.at\/index.php?rest_route=\/wp\/v2\/pages\/641\/revisions\/1160"}],"wp:attachment":[{"href":"https:\/\/elkeradhuber.at\/index.php?rest_route=%2Fwp%2Fv2%2Fmedia&parent=641"}],"curies":[{"name":"wp","href":"https:\/\/api.w.org\/{rel}","templated":true}]}}