{"id":22,"date":"2017-09-07T14:50:50","date_gmt":"2017-09-07T14:50:50","guid":{"rendered":"https:\/\/elkeradhuber.at\/?page_id=22"},"modified":"2020-03-30T11:09:09","modified_gmt":"2020-03-30T10:09:09","slug":"mag-elke-radhuber-praxis-fur-psychotherapie-und-coaching","status":"publish","type":"page","link":"https:\/\/elkeradhuber.at\/?page_id=22","title":{"rendered":"PRAXIS &#038; KONTAKT"},"content":{"rendered":"<div id=\"pl-22\"  class=\"panel-layout\" ><div id=\"pg-22-0\"  class=\"panel-grid panel-no-style\" ><div id=\"pgc-22-0-0\"  class=\"panel-grid-cell\" ><div id=\"panel-22-0-0-0\" class=\"so-panel widget widget_black-studio-tinymce widget_black_studio_tinymce panel-first-child panel-last-child\" data-index=\"0\" ><div class=\"textwidget\"><div class=\"home-articleheadlinebox\">\n<div  class=\"home-articleheadlinebox-bkgd\">\n<h1 class=\"home-articleheadlinebox-Uberschrift\">WEITERF\u00dcHRENDE LINKS<\/h1>\n<div class=\"home-articleheadlinebox-bkgd-right-blue\">\n    <\/div>\n<div class=\"home-articleheadlinebox-bkgd-left-blue\">\n    <\/div>\n<\/p><\/div>\n<\/div>\n<\/div><\/div><\/div><\/div><div id=\"pg-22-1\"  class=\"panel-grid panel-no-style\" ><div id=\"pgc-22-1-0\"  class=\"panel-grid-cell\" ><div id=\"panel-22-1-0-0\" class=\"so-panel widget widget_black-studio-tinymce widget_black_studio_tinymce panel-first-child panel-last-child\" data-index=\"1\" ><div class=\"textwidget\"><div class=\"home-box\"><span class=\"home-boxheadline\">MEHR \u00dcBER PSYCHOTHERAPIE<\/span><\/p>\n<hr \/>\n<div class=\"home-boxtext\">\n<ul class=\"a\">\n<li id=\"u5736-11\">\u00d6sterreichischer Bundesverband f\u00fcr Psychotherapie (\u00d6BVP)<a class=\"nonblock\" title=\"Website des \u00d6sterreichischen Bundesverband f\u00fcr Psychotherapie (\u00d6BVP)\" href=\"https:\/\/www.psychotherapie.at\/\" target=\"_blank\" rel=\"noopener\"><br \/> <span id=\"u5736-9\">www.psychotherapie.at<\/span><br \/> <\/a><\/li>\n<li id=\"u5736-17\">\u00d6sterreichische Arbeitsgemeinschaft f\u00fcr systemische Therapie und systemische Studien (\u00d6AS)<br \/><a class=\"nonblock\" title=\"Website zur \u00d6sterreichiscshen Arbeitsgemeinschaft f\u00fcr systemische Therapie und systemische Studien (\u00d6AS)\" href=\"http:\/\/www.oeas.at\/\" target=\"_blank\" rel=\"noopener\"><span id=\"u5736-15\">www.oeas.at<\/span><br \/> <\/a><\/li>\n<\/ul>\n<\/div>\n<\/div>\n<\/div><\/div><\/div><div id=\"pgc-22-1-1\"  class=\"panel-grid-cell\" ><div id=\"panel-22-1-1-0\" class=\"so-panel widget widget_black-studio-tinymce widget_black_studio_tinymce panel-first-child panel-last-child\" data-index=\"2\" ><div class=\"textwidget\"><div class=\"home-box\"><span class=\"home-boxheadline\">Notfallkontakte<\/span><\/p>\n<hr \/>\n<div class=\"home-boxtext\">\n<p><span class=\"home-boxtextheadline\">Sozialpsychiatrischer Notdienst<\/span><br \/>0-24 Uhr; Tel: 01\/ 313 30<br \/><a class=\"nonblock\" title=\"Sozialpsychiatrischer Notdienst\" href=\"http:\/\/www.psd-wien.at\/psd\/\" target=\"_blank\" rel=\"noopener\"><span id=\"u5739-11\">www.psd-wien.at<\/span><br \/> <\/a><\/p>\n<p><span class=\"home-boxtextheadline\">Kriseninterventionszentrum<\/span><br \/>Mo \u2013 Fr von 10 \u2013 17 Uhr; Tel.: 01 \u2013 406 95 95<br \/><a class=\"nonblock\" title=\"Kriseninterventionszentrum \" href=\"http:\/\/www.kriseninterventionszentrum.at\/\" target=\"_blank\" rel=\"noopener\"><span id=\"u5739-20\">www.kriseninterventionszentrum.at<\/span><br \/> <\/a><\/p>\n<p><span class=\"home-boxtextheadline\">Die M\u00f6we<\/span><br \/>Kinderschutzzentrum f\u00fcr physisch, psychisch oder sexuell misshandelte Kinder<br \/>Mo - Do: 9.00 - 17.00 Uhr, Fr: 9.00 - 14.00 Uhr<br \/>Tel.: 0800\/ 80 80 88<br \/><a class=\"nonblock\" title=\"www.die-moewe.at\" href=\"http:\/\/www.die-moewe.at\/\" target=\"_blank\" rel=\"noopener\"><span id=\"u5739-33\">www.die-moewe.at<\/span><br \/> <\/a><\/p>\n<\/div>\n<\/div>\n<\/div><\/div><\/div><\/div><div id=\"pg-22-2\"  class=\"panel-grid panel-no-style\" ><div id=\"pgc-22-2-0\"  class=\"panel-grid-cell\" ><div id=\"panel-22-2-0-0\" class=\"so-panel widget widget_black-studio-tinymce widget_black_studio_tinymce panel-first-child panel-last-child\" data-index=\"3\" ><div class=\"textwidget\"><div class=\"home-box\">\n\t<span class=\"home-boxheadline\">NETZWERK<\/span><\/p>\n<hr \/>\n<div class=\"home-boxtext\">\n<p>\n\t\t\t<span class=\"home-boxtextheadline\">Dr. Martin Feigl<\/span><br \/>\n\t\t\t<br \/>Rechtsberatung: Verein Take Your Rights <br \/>\n\t\t\t<a class=\"nonblock\" href=\"http:\/\/www.takeyourrights.at\/\" target=\"_blank\" title=\"Verein Take your rights\"><br \/>\n\t\t\t\t<span id=\"u5727-13\">www.takeyourrrights.at<\/span><br \/>\n\t\t\t<\/a>\n\t\t<\/p>\n<p>\n\t\t\t<span class=\"home-boxtextheadline\">Dr. Martina Friedl<\/span><br \/>\n\t\t\t<br \/>Unternehmensberatung & Psychotherapie <br \/>\n\t\t\t<a class=\"nonblock\" href=\"http:\/\/www.martinafriedl.com\/\" target=\"_blank\" title=\"Website von Dr. Martina Friedl\"><br \/>\n\t\t\t\t<span id=\"u5727-23\">www.martinafriedl.com<\/span><br \/>\n\t\t\t<\/a>\n\t\t<\/p>\n<p>\n\t\t\t<span class=\"home-boxtextheadline\">Dr. Pichler & Dr. Schalk<\/span><br \/>\n\t\t\t<br \/>Allgemeinmedizin-Praxis Schalk&Pichler<br \/>\n\t\t\t<a class=\"nonblock\" href=\"http:\/\/www.schalkpichler.at\/\" target=\"_blank\" title=\"Dr. Pichler - www.schalkpichler.at\"><br \/>\n\t\t\t\t<span id=\"u5727-31\">www.schalkpichler.at<\/span><br \/>\n\t\t\t<\/a>\n\t\t<\/p>\n<\/p><\/div>\n<\/div>\n<\/div><\/div><\/div><div id=\"pgc-22-2-1\"  class=\"panel-grid-cell\" ><div id=\"panel-22-2-1-0\" class=\"so-panel widget widget_black-studio-tinymce widget_black_studio_tinymce panel-first-child panel-last-child\" data-index=\"4\" ><div class=\"textwidget\"><p><img decoding=\"async\" src=\"http:\/\/dev2.elkeradhuber.at\/wp-content\/themes\/g5_helium\/custom\/images\/Praxis_kontakt\/Notfallkontakte.jpg\" alt=\"image\" width=\"600\" top=\"0px\"\/><\/p>\n<\/div><\/div><\/div><\/div><\/div>","protected":false},"excerpt":{"rendered":"<p>WEITERF\u00dcHRENDE LINKS MEHR \u00dcBER PSYCHOTHERAPIE\u00d6sterreichischer Bundesverband f\u00fcr Psychotherapie (\u00d6BVP) www.psychotherapie.at \u00d6sterreichische Arbeitsgemeinschaft f\u00fcr systemische Therapie und systemische Studien (\u00d6AS)www.oeas.at NotfallkontakteSozialpsychiatrischer Notdienst0-24 Uhr; Tel: 01\/ 313 30www.psd-wien.at KriseninterventionszentrumMo \u2013 Fr von 10 \u2013 17 Uhr; Tel.: 01 \u2013 406 95 95www.kriseninterventionszentrum.at Die M\u00f6weKinderschutzzentrum f\u00fcr physisch, psychisch oder sexuell misshandelte KinderMo &#8211; Do: 9.00 &#8211; 17.00 Uhr, [&hellip;]<\/p>\n","protected":false},"author":2,"featured_media":0,"parent":0,"menu_order":0,"comment_status":"closed","ping_status":"closed","template":"","meta":{"footnotes":""},"class_list":["post-22","page","type-page","status-publish","hentry"],"yoast_head":"<!-- This site is optimized with the Yoast SEO plugin v26.2 - https:\/\/yoast.com\/wordpress\/plugins\/seo\/ -->\n<title>PRAXIS &amp; KONTAKT | Mag. Elke Radhuber | Psychotherapie und Coaching<\/title>\n<meta name=\"description\" content=\"Jeder Mensch ist einzigartig. Wir brauchen daher individuelle L\u00f6sungen. Praxis in Wien von Mag.a. Elke Radhuber: Psychotherapie - Training \u2013 Coaching.\" \/>\n<meta name=\"robots\" content=\"index, follow, max-snippet:-1, max-image-preview:large, max-video-preview:-1\" \/>\n<link rel=\"canonical\" href=\"https:\/\/elkeradhuber.at\/?page_id=22\" \/>\n<meta property=\"og:locale\" content=\"de_DE\" \/>\n<meta property=\"og:type\" content=\"article\" \/>\n<meta property=\"og:title\" content=\"PRAXIS &amp; KONTAKT | Mag. Elke Radhuber | Psychotherapie und Coaching\" \/>\n<meta property=\"og:description\" content=\"Jeder Mensch ist einzigartig. Wir brauchen daher individuelle L\u00f6sungen. Praxis in Wien von Mag.a. Elke Radhuber: Psychotherapie - Training \u2013 Coaching.\" \/>\n<meta property=\"og:url\" content=\"https:\/\/elkeradhuber.at\/?page_id=22\" \/>\n<meta property=\"og:site_name\" content=\"Mag. Elke Radhuber | Psychotherapie und Coaching\" \/>\n<meta property=\"article:publisher\" content=\"https:\/\/www.facebook.com\/psychotherapieradhuber\/\" \/>\n<meta property=\"article:modified_time\" content=\"2020-03-30T10:09:09+00:00\" \/>\n<meta property=\"og:image\" content=\"http:\/\/dev2.elkeradhuber.at\/wp-content\/themes\/g5_helium\/custom\/images\/Praxis_kontakt\/Notfallkontakte.jpg\" \/>\n<meta name=\"twitter:card\" content=\"summary_large_image\" \/>\n<script type=\"application\/ld+json\" class=\"yoast-schema-graph\">{\"@context\":\"https:\/\/schema.org\",\"@graph\":[{\"@type\":\"WebPage\",\"@id\":\"https:\/\/elkeradhuber.at\/?page_id=22\",\"url\":\"https:\/\/elkeradhuber.at\/?page_id=22\",\"name\":\"PRAXIS & KONTAKT | Mag. Elke Radhuber | Psychotherapie und Coaching\",\"isPartOf\":{\"@id\":\"https:\/\/elkeradhuber.at\/#website\"},\"primaryImageOfPage\":{\"@id\":\"https:\/\/elkeradhuber.at\/?page_id=22#primaryimage\"},\"image\":{\"@id\":\"https:\/\/elkeradhuber.at\/?page_id=22#primaryimage\"},\"thumbnailUrl\":\"http:\/\/dev2.elkeradhuber.at\/wp-content\/themes\/g5_helium\/custom\/images\/Praxis_kontakt\/Notfallkontakte.jpg\",\"datePublished\":\"2017-09-07T14:50:50+00:00\",\"dateModified\":\"2020-03-30T10:09:09+00:00\",\"description\":\"Jeder Mensch ist einzigartig. Wir brauchen daher individuelle L\u00f6sungen. Praxis in Wien von Mag.a. Elke Radhuber: Psychotherapie - Training \u2013 Coaching.\",\"breadcrumb\":{\"@id\":\"https:\/\/elkeradhuber.at\/?page_id=22#breadcrumb\"},\"inLanguage\":\"de-AT\",\"potentialAction\":[{\"@type\":\"ReadAction\",\"target\":[\"https:\/\/elkeradhuber.at\/?page_id=22\"]}]},{\"@type\":\"ImageObject\",\"inLanguage\":\"de-AT\",\"@id\":\"https:\/\/elkeradhuber.at\/?page_id=22#primaryimage\",\"url\":\"http:\/\/dev2.elkeradhuber.at\/wp-content\/themes\/g5_helium\/custom\/images\/Praxis_kontakt\/Notfallkontakte.jpg\",\"contentUrl\":\"http:\/\/dev2.elkeradhuber.at\/wp-content\/themes\/g5_helium\/custom\/images\/Praxis_kontakt\/Notfallkontakte.jpg\"},{\"@type\":\"BreadcrumbList\",\"@id\":\"https:\/\/elkeradhuber.at\/?page_id=22#breadcrumb\",\"itemListElement\":[{\"@type\":\"ListItem\",\"position\":1,\"name\":\"Home\",\"item\":\"https:\/\/elkeradhuber.at\/\"},{\"@type\":\"ListItem\",\"position\":2,\"name\":\"PRAXIS &#038; KONTAKT\"}]},{\"@type\":\"WebSite\",\"@id\":\"https:\/\/elkeradhuber.at\/#website\",\"url\":\"https:\/\/elkeradhuber.at\/\",\"name\":\"Mag. Elke Radhuber | Psychotherapie und Coaching\",\"description\":\"Webseite zur Praxis f\u00fcr Psychotherapie und Coaching von Mag. Elke Radhuber\",\"publisher\":{\"@id\":\"https:\/\/elkeradhuber.at\/#organization\"},\"alternateName\":\"Praxis f\u00fcr Psychotherapie und Coaching | Mag. Elke Radhuber\",\"potentialAction\":[{\"@type\":\"SearchAction\",\"target\":{\"@type\":\"EntryPoint\",\"urlTemplate\":\"https:\/\/elkeradhuber.at\/?s={search_term_string}\"},\"query-input\":{\"@type\":\"PropertyValueSpecification\",\"valueRequired\":true,\"valueName\":\"search_term_string\"}}],\"inLanguage\":\"de-AT\"},{\"@type\":\"Organization\",\"@id\":\"https:\/\/elkeradhuber.at\/#organization\",\"name\":\"Mag. Elke Radhuber | Praxis f\u00fcr Psychotherapie und Coaching\",\"alternateName\":\"Praxis f\u00fcr Psychotherapie und Coaching | Mag. Elke Radhuber\",\"url\":\"https:\/\/elkeradhuber.at\/\",\"logo\":{\"@type\":\"ImageObject\",\"inLanguage\":\"de-AT\",\"@id\":\"https:\/\/elkeradhuber.at\/#\/schema\/logo\/image\/\",\"url\":\"https:\/\/elkeradhuber.at\/wp-content\/uploads\/2020\/03\/elke_079_extended.jpg\",\"contentUrl\":\"https:\/\/elkeradhuber.at\/wp-content\/uploads\/2020\/03\/elke_079_extended.jpg\",\"width\":1920,\"height\":1282,\"caption\":\"Mag. Elke Radhuber | Praxis f\u00fcr Psychotherapie und Coaching\"},\"image\":{\"@id\":\"https:\/\/elkeradhuber.at\/#\/schema\/logo\/image\/\"},\"sameAs\":[\"https:\/\/www.facebook.com\/psychotherapieradhuber\/\",\"https:\/\/www.instagram.com\/elke_radhuber\/\"]}]}<\/script>\n<!-- \/ Yoast SEO plugin. -->","yoast_head_json":{"title":"PRAXIS & KONTAKT | Mag. Elke Radhuber | Psychotherapie und Coaching","description":"Jeder Mensch ist einzigartig. Wir brauchen daher individuelle L\u00f6sungen. Praxis in Wien von Mag.a. Elke Radhuber: Psychotherapie - Training \u2013 Coaching.","robots":{"index":"index","follow":"follow","max-snippet":"max-snippet:-1","max-image-preview":"max-image-preview:large","max-video-preview":"max-video-preview:-1"},"canonical":"https:\/\/elkeradhuber.at\/?page_id=22","og_locale":"de_DE","og_type":"article","og_title":"PRAXIS & KONTAKT | Mag. Elke Radhuber | Psychotherapie und Coaching","og_description":"Jeder Mensch ist einzigartig. Wir brauchen daher individuelle L\u00f6sungen. Praxis in Wien von Mag.a. Elke Radhuber: Psychotherapie - Training \u2013 Coaching.","og_url":"https:\/\/elkeradhuber.at\/?page_id=22","og_site_name":"Mag. Elke Radhuber | Psychotherapie und Coaching","article_publisher":"https:\/\/www.facebook.com\/psychotherapieradhuber\/","article_modified_time":"2020-03-30T10:09:09+00:00","og_image":[{"url":"http:\/\/dev2.elkeradhuber.at\/wp-content\/themes\/g5_helium\/custom\/images\/Praxis_kontakt\/Notfallkontakte.jpg","type":"","width":"","height":""}],"twitter_card":"summary_large_image","schema":{"@context":"https:\/\/schema.org","@graph":[{"@type":"WebPage","@id":"https:\/\/elkeradhuber.at\/?page_id=22","url":"https:\/\/elkeradhuber.at\/?page_id=22","name":"PRAXIS & KONTAKT | Mag. Elke Radhuber | Psychotherapie und Coaching","isPartOf":{"@id":"https:\/\/elkeradhuber.at\/#website"},"primaryImageOfPage":{"@id":"https:\/\/elkeradhuber.at\/?page_id=22#primaryimage"},"image":{"@id":"https:\/\/elkeradhuber.at\/?page_id=22#primaryimage"},"thumbnailUrl":"http:\/\/dev2.elkeradhuber.at\/wp-content\/themes\/g5_helium\/custom\/images\/Praxis_kontakt\/Notfallkontakte.jpg","datePublished":"2017-09-07T14:50:50+00:00","dateModified":"2020-03-30T10:09:09+00:00","description":"Jeder Mensch ist einzigartig. Wir brauchen daher individuelle L\u00f6sungen. Praxis in Wien von Mag.a. Elke Radhuber: Psychotherapie - Training \u2013 Coaching.","breadcrumb":{"@id":"https:\/\/elkeradhuber.at\/?page_id=22#breadcrumb"},"inLanguage":"de-AT","potentialAction":[{"@type":"ReadAction","target":["https:\/\/elkeradhuber.at\/?page_id=22"]}]},{"@type":"ImageObject","inLanguage":"de-AT","@id":"https:\/\/elkeradhuber.at\/?page_id=22#primaryimage","url":"http:\/\/dev2.elkeradhuber.at\/wp-content\/themes\/g5_helium\/custom\/images\/Praxis_kontakt\/Notfallkontakte.jpg","contentUrl":"http:\/\/dev2.elkeradhuber.at\/wp-content\/themes\/g5_helium\/custom\/images\/Praxis_kontakt\/Notfallkontakte.jpg"},{"@type":"BreadcrumbList","@id":"https:\/\/elkeradhuber.at\/?page_id=22#breadcrumb","itemListElement":[{"@type":"ListItem","position":1,"name":"Home","item":"https:\/\/elkeradhuber.at\/"},{"@type":"ListItem","position":2,"name":"PRAXIS &#038; KONTAKT"}]},{"@type":"WebSite","@id":"https:\/\/elkeradhuber.at\/#website","url":"https:\/\/elkeradhuber.at\/","name":"Mag. Elke Radhuber | Psychotherapie und Coaching","description":"Webseite zur Praxis f\u00fcr Psychotherapie und Coaching von Mag. Elke Radhuber","publisher":{"@id":"https:\/\/elkeradhuber.at\/#organization"},"alternateName":"Praxis f\u00fcr Psychotherapie und Coaching | Mag. Elke Radhuber","potentialAction":[{"@type":"SearchAction","target":{"@type":"EntryPoint","urlTemplate":"https:\/\/elkeradhuber.at\/?s={search_term_string}"},"query-input":{"@type":"PropertyValueSpecification","valueRequired":true,"valueName":"search_term_string"}}],"inLanguage":"de-AT"},{"@type":"Organization","@id":"https:\/\/elkeradhuber.at\/#organization","name":"Mag. Elke Radhuber | Praxis f\u00fcr Psychotherapie und Coaching","alternateName":"Praxis f\u00fcr Psychotherapie und Coaching | Mag. Elke Radhuber","url":"https:\/\/elkeradhuber.at\/","logo":{"@type":"ImageObject","inLanguage":"de-AT","@id":"https:\/\/elkeradhuber.at\/#\/schema\/logo\/image\/","url":"https:\/\/elkeradhuber.at\/wp-content\/uploads\/2020\/03\/elke_079_extended.jpg","contentUrl":"https:\/\/elkeradhuber.at\/wp-content\/uploads\/2020\/03\/elke_079_extended.jpg","width":1920,"height":1282,"caption":"Mag. Elke Radhuber | Praxis f\u00fcr Psychotherapie und Coaching"},"image":{"@id":"https:\/\/elkeradhuber.at\/#\/schema\/logo\/image\/"},"sameAs":["https:\/\/www.facebook.com\/psychotherapieradhuber\/","https:\/\/www.instagram.com\/elke_radhuber\/"]}]}},"_links":{"self":[{"href":"https:\/\/elkeradhuber.at\/index.php?rest_route=\/wp\/v2\/pages\/22","targetHints":{"allow":["GET"]}}],"collection":[{"href":"https:\/\/elkeradhuber.at\/index.php?rest_route=\/wp\/v2\/pages"}],"about":[{"href":"https:\/\/elkeradhuber.at\/index.php?rest_route=\/wp\/v2\/types\/page"}],"author":[{"embeddable":true,"href":"https:\/\/elkeradhuber.at\/index.php?rest_route=\/wp\/v2\/users\/2"}],"replies":[{"embeddable":true,"href":"https:\/\/elkeradhuber.at\/index.php?rest_route=%2Fwp%2Fv2%2Fcomments&post=22"}],"version-history":[{"count":26,"href":"https:\/\/elkeradhuber.at\/index.php?rest_route=\/wp\/v2\/pages\/22\/revisions"}],"predecessor-version":[{"id":1214,"href":"https:\/\/elkeradhuber.at\/index.php?rest_route=\/wp\/v2\/pages\/22\/revisions\/1214"}],"wp:attachment":[{"href":"https:\/\/elkeradhuber.at\/index.php?rest_route=%2Fwp%2Fv2%2Fmedia&parent=22"}],"curies":[{"name":"wp","href":"https:\/\/api.w.org\/{rel}","templated":true}]}}