{"id":1253,"date":"2025-10-13T15:56:23","date_gmt":"2025-10-13T14:56:23","guid":{"rendered":"https:\/\/elkeradhuber.at\/?page_id=1253"},"modified":"2025-10-28T16:59:10","modified_gmt":"2025-10-28T15:59:10","slug":"03-08_coachingtraining__disruptive_thinking","status":"publish","type":"page","link":"https:\/\/elkeradhuber.at\/?page_id=1253","title":{"rendered":"03-08_Coaching&#038;Training__Disruptive_Thinking"},"content":{"rendered":"<div id=\"pl-1253\"  class=\"panel-layout\" ><div id=\"pg-1253-0\"  class=\"panel-grid panel-no-style\" ><div id=\"pgc-1253-0-0\"  class=\"panel-grid-cell\" ><div id=\"panel-1253-0-0-0\" class=\"so-panel widget widget_black-studio-tinymce widget_black_studio_tinymce panel-first-child\" data-index=\"0\" ><div class=\"textwidget\"><div>\n<span class=\"home-boxheadline\">Zukunft abseits Vorstellungskraft<\/span><\/p>\n<p style=\"text-align: justify;\"><span class=\"home-boxtext\">Die meisten Innovationen sind Erg\u00e4nzungen und Weiterentwicklungen. Es gab schon immer disruptive Entwicklungen, also Erfindungen, die Bestehendes komplett abgel\u00f6st haben. Beispiel: Das Auto hat die Pferdekutsche ersetzt. Aktuelle Entwicklungen - wie die K\u00fcnstliche Intelligenz - lassen radikale Umbr\u00fcche erahnen. Niemand wei\u00df genau, was kommt.<br \/>\n<\/span><\/p>\n<\/div>\n<\/div><\/div><div id=\"panel-1253-0-0-1\" class=\"so-panel widget widget_sow-image\" data-index=\"1\" ><div\n\t\t\t\n\t\t\tclass=\"so-widget-sow-image so-widget-sow-image-default-8b5b6f678277-1253\"\n\t\t\t\n\t\t>\n<div class=\"sow-image-container\">\n\t\t\t<a href=\"https:\/\/ccnull.de\/foto\/autonomes-fahren-mit-integrierter-symbolen-fuer-kfz-versicherung\/1099986\"\n\t\t\t\t\t>\n\t\t\t<img \n\tsrc=\"gantry-media:\/\/03_Coaching_Training\/09_Disruptive_Thinking\/autonomes-fahren-mit-integrierter-symbolen-fuer-kfz-versicherung_cc-by-20_1280x717px.jpg\" title=\"autonomes-fahren-mit-integrierter-symbolen-fuer-kfz-versicherung  | CC: Marco Verch\" alt=\"autonomes-fahren-mit-integrierter-symbolen-fuer-kfz-versicherung | CC: Marco Verch\" \t\tclass=\"so-widget-image\"\/>\n\t\t\t<\/a><\/div>\n\n<\/div><\/div><div id=\"panel-1253-0-0-2\" class=\"so-panel widget widget_black-studio-tinymce widget_black_studio_tinymce\" data-index=\"2\" ><div class=\"textwidget\"><div>\n<span class=\"home-boxheadline\">Mensch und KI<\/span><\/p>\n<p style=\"text-align: justify;\"><span class=\"home-boxtext\"><\/p>\n<p>Das Prinzip \u201eVertrauen im Vertrauten finden\u201c ist im Menschen tief verwurzelt. Unser rationales und emotionales Denken baut darauf auf. Bei fundamentalen Umbr\u00fcchen, wo wir vom Neuen noch keine Vorstellung haben und das Bestehende bereits br\u00f6ckelt, funktioniert dieses Prinzip nicht mehr.<br \/>\n<\/span><\/p>\n<\/div>\n<\/div><\/div><div id=\"panel-1253-0-0-3\" class=\"so-panel widget widget_sow-image\" data-index=\"3\" ><div\n\t\t\t\n\t\t\tclass=\"so-widget-sow-image so-widget-sow-image-default-8b5b6f678277-1253\"\n\t\t\t\n\t\t>\n<div class=\"sow-image-container\">\n\t\t\t<a href=\"https:\/\/ccnull.de\/foto\/mensch-und-roboter-hand-beruehren-sich-digital\/1124371\"\n\t\t\t\t\t>\n\t\t\t<img \n\tsrc=\"gantry-media:\/\/03_Coaching_Training\/09_Disruptive_Thinking\/mensch-und-roboter-hand-beruehren-sich-digital_cc-by-20_1280x853px.jpg\" title=\"Bild mensch-und-roboter-hand-beruehren-sich-digital CC: Marco Verch\" alt=\"Bild mensch-und-roboter-hand-beruehren-sich-digital CC: Marco Verch\" \t\tclass=\"so-widget-image\"\/>\n\t\t\t<\/a><\/div>\n\n<\/div><\/div><div id=\"panel-1253-0-0-4\" class=\"so-panel widget widget_black-studio-tinymce widget_black_studio_tinymce\" data-index=\"4\" ><div class=\"textwidget\"><div>\n<span class=\"home-boxheadline\">Zukunfts-Skills als Vorteil<\/span><\/p>\n<p style=\"text-align: justify;\"><span class=\"home-boxtext\"><\/p>\n<p>Disruptives denken steht f\u00fcr einen Paradigmenwechsel im Denken. Es ist der konstruktive Gegenpol zu disruptiven Technologien. Es ist weder reagieren, agieren oder interagieren - noch Kooperation oder Autonomie. Es ist eine hybride Mischung aus vielen Aspekten, das zu einem neuartigem denken wird. Dazu geh\u00f6rt:<\/p>\n<p>+ Gewohntes radikal hinterfragen k\u00f6nnen<br \/>\n+ Kreativ. Unkonventionell. Innovativ<br \/>\n+ sich im Unvertrauten sicher f\u00fchlen<\/p>\n<ul class=\"a\">\n<li>Gewohntes radikal hinterfragen k\u00f6nnen<\/li>\n<li>Kreativ. Unkonventionell. Innovativ<\/li>\n<li>sich im Unvertrauten sicher f\u00fchlen<\/li>\n<\/ul>\n<\/div>\n<\/div><\/div><div id=\"panel-1253-0-0-5\" class=\"so-panel widget widget_sow-image\" data-index=\"5\" ><div\n\t\t\t\n\t\t\tclass=\"so-widget-sow-image so-widget-sow-image-default-8b5b6f678277-1253\"\n\t\t\t\n\t\t>\n<div class=\"sow-image-container\">\n\t\t\t<a href=\"https:\/\/ccnull.de\/foto\/menschliches-gehirn-mit-explodierenden-ideen\/1104369\"\n\t\t\t\t\t>\n\t\t\t<img \n\tsrc=\"gantry-media:\/\/03_Coaching_Training\/09_Disruptive_Thinking\/menschliches-gehirn-mit-explodierenden-ideen_cc-by-20_1280x717px.jpg\" title=\"Bild Gehirn mit Ideen siehe anhang CC: Marco Verch\" alt=\"Bild Gehirn mit Ideen siehe anhang CC: Marco Verch\" \t\tclass=\"so-widget-image\"\/>\n\t\t\t<\/a><\/div>\n\n<\/div><\/div><div id=\"panel-1253-0-0-6\" class=\"so-panel widget widget_black-studio-tinymce widget_black_studio_tinymce\" data-index=\"6\" ><div class=\"textwidget\"><div>\n<span class=\"home-boxheadline\"><\/span><\/p>\n<p style=\"text-align: justify;\"><span class=\"home-boxtext\"><\/p>\n<p>Der letzte Punkt ist der wohl Wichtigste, weil er die Basis f\u00fcr alles andere ist. Er setzt sich damit auseinander, wie man zB mit \u00c4ngsten und Abwehr umgehen kann. Dies sind n\u00e4mlich nat\u00fcrlichen Muster, mit Ungewissheit umzugehen - welche in der Menschheitsgeschichte das \u00dcberleben gesichert haben. Disruptive Thinking ist - wenn man so will - Ihr neuer \u00dcberlebensvorteil in einer unsicheren Zukunft.<br \/>\n<\/span><\/p>\n<\/div>\n<\/div><\/div><div id=\"panel-1253-0-0-7\" class=\"so-panel widget widget_black-studio-tinymce widget_black_studio_tinymce panel-last-child\" data-index=\"7\" ><div class=\"textwidget\"><div><span class=\"home-boxheadline\">Mehr dazu:<\/span><\/p>\n<p style=\"text-align: justify;\">\n<section>\n<p><strong>Folge mir auf Instagram<\/strong> und verpasse keine spannenden Impulse zum Thema.<br \/>\n  <a href=\"https:\/\/www.instagram.com\/elke_radhuber\/\" target=\"_blank\" class=\"instagram-link\"><br \/>\n    <img decoding=\"async\" src=\"https:\/\/cdn-icons-png.flaticon.com\/512\/174\/174855.png\" alt=\"Instagram Icon\"><br \/>\n    @elke_radhuber<br \/>\n  <\/a>\n  <\/p>\n<\/section>\n<p><span class=\"home-boxheadline\">Interesse an einem Coaching?<\/span><\/p>\n<p style=\"text-align: justify;\">\n<section class=\"coaching-section\">\n<p>\n    Ausgehend von Ihren pers\u00f6nlichen Themen wollen Sie Ihre mentalen Future Skills weiterentwickeln?<br \/>\n    Buchen Sie gerne ein Coaching-Paket zu <strong>Disruptive Thinking<\/strong>.\n  <\/p>\n<p>\n    <strong>Erreichbarkeit:<\/strong><br \/>\n    Wochentags zwischen <strong>9:00 und 19:00 Uhr<\/strong><\/p>\n<p>    Vereinbaren Sie einen Gespr\u00e4chstermin telefonisch oder per E-Mail:\n  <\/p>\n<div class=\"contact-info\">\n<p>\n      \ud83d\udcde <strong><\/strong> <a href=\"tel:+436507526261\">+43 650 \/ 75 26 261<\/a><br \/>\n      \u2709\ufe0f <strong><\/strong> <a href=\"mailto:kontakt@elkeradhuber.at\" class=\"nonblock\">kontakt@elkeradhuber.at<\/a>\n    <\/p>\n<\/p><\/div>\n<\/section>\n<\/div>\n<\/div><\/div><\/div><\/div><\/div>","protected":false},"excerpt":{"rendered":"<p>Zukunft abseits Vorstellungskraft Die meisten Innovationen sind Erg\u00e4nzungen und Weiterentwicklungen. Es gab schon immer disruptive Entwicklungen, also Erfindungen, die Bestehendes komplett abgel\u00f6st haben. Beispiel: Das Auto hat die Pferdekutsche ersetzt. Aktuelle Entwicklungen &#8211; wie die K\u00fcnstliche Intelligenz &#8211; lassen radikale Umbr\u00fcche erahnen. Niemand wei\u00df genau, was kommt. Mensch und KI Das Prinzip \u201eVertrauen im Vertrauten [&hellip;]<\/p>\n","protected":false},"author":3,"featured_media":0,"parent":0,"menu_order":0,"comment_status":"closed","ping_status":"closed","template":"","meta":{"footnotes":""},"class_list":["post-1253","page","type-page","status-publish","hentry"],"yoast_head":"<!-- This site is optimized with the Yoast SEO plugin v26.2 - https:\/\/yoast.com\/wordpress\/plugins\/seo\/ -->\n<title>03-08_Coaching&amp;Training__Disruptive_Thinking | Mag. Elke Radhuber | Psychotherapie und Coaching<\/title>\n<meta name=\"robots\" content=\"index, follow, max-snippet:-1, max-image-preview:large, max-video-preview:-1\" \/>\n<link rel=\"canonical\" href=\"https:\/\/elkeradhuber.at\/?page_id=1253\" \/>\n<meta property=\"og:locale\" content=\"de_DE\" \/>\n<meta property=\"og:type\" content=\"article\" \/>\n<meta property=\"og:title\" content=\"03-08_Coaching&amp;Training__Disruptive_Thinking | Mag. Elke Radhuber | Psychotherapie und Coaching\" \/>\n<meta property=\"og:description\" content=\"Zukunft abseits Vorstellungskraft Die meisten Innovationen sind Erg\u00e4nzungen und Weiterentwicklungen. Es gab schon immer disruptive Entwicklungen, also Erfindungen, die Bestehendes komplett abgel\u00f6st haben. Beispiel: Das Auto hat die Pferdekutsche ersetzt. Aktuelle Entwicklungen - wie die K\u00fcnstliche Intelligenz - lassen radikale Umbr\u00fcche erahnen. Niemand wei\u00df genau, was kommt. Mensch und KI Das Prinzip \u201eVertrauen im Vertrauten [&hellip;]\" \/>\n<meta property=\"og:url\" content=\"https:\/\/elkeradhuber.at\/?page_id=1253\" \/>\n<meta property=\"og:site_name\" content=\"Mag. Elke Radhuber | Psychotherapie und Coaching\" \/>\n<meta property=\"article:publisher\" content=\"https:\/\/www.facebook.com\/psychotherapieradhuber\/\" \/>\n<meta property=\"article:modified_time\" content=\"2025-10-28T15:59:10+00:00\" \/>\n<meta property=\"og:image\" content=\"https:\/\/cdn-icons-png.flaticon.com\/512\/174\/174855.png\" \/>\n<meta name=\"twitter:card\" content=\"summary_large_image\" \/>\n<meta name=\"twitter:label1\" content=\"Gesch\u00e4tzte Lesezeit\" \/>\n\t<meta name=\"twitter:data1\" content=\"3 Minuten\" \/>\n<script type=\"application\/ld+json\" class=\"yoast-schema-graph\">{\"@context\":\"https:\/\/schema.org\",\"@graph\":[{\"@type\":\"WebPage\",\"@id\":\"https:\/\/elkeradhuber.at\/?page_id=1253\",\"url\":\"https:\/\/elkeradhuber.at\/?page_id=1253\",\"name\":\"03-08_Coaching&Training__Disruptive_Thinking | Mag. Elke Radhuber | Psychotherapie und Coaching\",\"isPartOf\":{\"@id\":\"https:\/\/elkeradhuber.at\/#website\"},\"primaryImageOfPage\":{\"@id\":\"https:\/\/elkeradhuber.at\/?page_id=1253#primaryimage\"},\"image\":{\"@id\":\"https:\/\/elkeradhuber.at\/?page_id=1253#primaryimage\"},\"thumbnailUrl\":\"https:\/\/cdn-icons-png.flaticon.com\/512\/174\/174855.png\",\"datePublished\":\"2025-10-13T14:56:23+00:00\",\"dateModified\":\"2025-10-28T15:59:10+00:00\",\"breadcrumb\":{\"@id\":\"https:\/\/elkeradhuber.at\/?page_id=1253#breadcrumb\"},\"inLanguage\":\"de-AT\",\"potentialAction\":[{\"@type\":\"ReadAction\",\"target\":[\"https:\/\/elkeradhuber.at\/?page_id=1253\"]}]},{\"@type\":\"ImageObject\",\"inLanguage\":\"de-AT\",\"@id\":\"https:\/\/elkeradhuber.at\/?page_id=1253#primaryimage\",\"url\":\"https:\/\/cdn-icons-png.flaticon.com\/512\/174\/174855.png\",\"contentUrl\":\"https:\/\/cdn-icons-png.flaticon.com\/512\/174\/174855.png\"},{\"@type\":\"BreadcrumbList\",\"@id\":\"https:\/\/elkeradhuber.at\/?page_id=1253#breadcrumb\",\"itemListElement\":[{\"@type\":\"ListItem\",\"position\":1,\"name\":\"Home\",\"item\":\"https:\/\/elkeradhuber.at\/\"},{\"@type\":\"ListItem\",\"position\":2,\"name\":\"03-08_Coaching&#038;Training__Disruptive_Thinking\"}]},{\"@type\":\"WebSite\",\"@id\":\"https:\/\/elkeradhuber.at\/#website\",\"url\":\"https:\/\/elkeradhuber.at\/\",\"name\":\"Mag. Elke Radhuber | Psychotherapie und Coaching\",\"description\":\"Webseite zur Praxis f\u00fcr Psychotherapie und Coaching von Mag. Elke Radhuber\",\"publisher\":{\"@id\":\"https:\/\/elkeradhuber.at\/#organization\"},\"alternateName\":\"Praxis f\u00fcr Psychotherapie und Coaching | Mag. Elke Radhuber\",\"potentialAction\":[{\"@type\":\"SearchAction\",\"target\":{\"@type\":\"EntryPoint\",\"urlTemplate\":\"https:\/\/elkeradhuber.at\/?s={search_term_string}\"},\"query-input\":{\"@type\":\"PropertyValueSpecification\",\"valueRequired\":true,\"valueName\":\"search_term_string\"}}],\"inLanguage\":\"de-AT\"},{\"@type\":\"Organization\",\"@id\":\"https:\/\/elkeradhuber.at\/#organization\",\"name\":\"Mag. Elke Radhuber | Praxis f\u00fcr Psychotherapie und Coaching\",\"alternateName\":\"Praxis f\u00fcr Psychotherapie und Coaching | Mag. Elke Radhuber\",\"url\":\"https:\/\/elkeradhuber.at\/\",\"logo\":{\"@type\":\"ImageObject\",\"inLanguage\":\"de-AT\",\"@id\":\"https:\/\/elkeradhuber.at\/#\/schema\/logo\/image\/\",\"url\":\"https:\/\/elkeradhuber.at\/wp-content\/uploads\/2020\/03\/elke_079_extended.jpg\",\"contentUrl\":\"https:\/\/elkeradhuber.at\/wp-content\/uploads\/2020\/03\/elke_079_extended.jpg\",\"width\":1920,\"height\":1282,\"caption\":\"Mag. Elke Radhuber | Praxis f\u00fcr Psychotherapie und Coaching\"},\"image\":{\"@id\":\"https:\/\/elkeradhuber.at\/#\/schema\/logo\/image\/\"},\"sameAs\":[\"https:\/\/www.facebook.com\/psychotherapieradhuber\/\",\"https:\/\/www.instagram.com\/elke_radhuber\/\"]}]}<\/script>\n<!-- \/ Yoast SEO plugin. -->","yoast_head_json":{"title":"03-08_Coaching&Training__Disruptive_Thinking | Mag. Elke Radhuber | Psychotherapie und Coaching","robots":{"index":"index","follow":"follow","max-snippet":"max-snippet:-1","max-image-preview":"max-image-preview:large","max-video-preview":"max-video-preview:-1"},"canonical":"https:\/\/elkeradhuber.at\/?page_id=1253","og_locale":"de_DE","og_type":"article","og_title":"03-08_Coaching&Training__Disruptive_Thinking | Mag. Elke Radhuber | Psychotherapie und Coaching","og_description":"Zukunft abseits Vorstellungskraft Die meisten Innovationen sind Erg\u00e4nzungen und Weiterentwicklungen. Es gab schon immer disruptive Entwicklungen, also Erfindungen, die Bestehendes komplett abgel\u00f6st haben. Beispiel: Das Auto hat die Pferdekutsche ersetzt. Aktuelle Entwicklungen - wie die K\u00fcnstliche Intelligenz - lassen radikale Umbr\u00fcche erahnen. Niemand wei\u00df genau, was kommt. Mensch und KI Das Prinzip \u201eVertrauen im Vertrauten [&hellip;]","og_url":"https:\/\/elkeradhuber.at\/?page_id=1253","og_site_name":"Mag. Elke Radhuber | Psychotherapie und Coaching","article_publisher":"https:\/\/www.facebook.com\/psychotherapieradhuber\/","article_modified_time":"2025-10-28T15:59:10+00:00","og_image":[{"url":"https:\/\/cdn-icons-png.flaticon.com\/512\/174\/174855.png","type":"","width":"","height":""}],"twitter_card":"summary_large_image","twitter_misc":{"Gesch\u00e4tzte Lesezeit":"3 Minuten"},"schema":{"@context":"https:\/\/schema.org","@graph":[{"@type":"WebPage","@id":"https:\/\/elkeradhuber.at\/?page_id=1253","url":"https:\/\/elkeradhuber.at\/?page_id=1253","name":"03-08_Coaching&Training__Disruptive_Thinking | Mag. Elke Radhuber | Psychotherapie und Coaching","isPartOf":{"@id":"https:\/\/elkeradhuber.at\/#website"},"primaryImageOfPage":{"@id":"https:\/\/elkeradhuber.at\/?page_id=1253#primaryimage"},"image":{"@id":"https:\/\/elkeradhuber.at\/?page_id=1253#primaryimage"},"thumbnailUrl":"https:\/\/cdn-icons-png.flaticon.com\/512\/174\/174855.png","datePublished":"2025-10-13T14:56:23+00:00","dateModified":"2025-10-28T15:59:10+00:00","breadcrumb":{"@id":"https:\/\/elkeradhuber.at\/?page_id=1253#breadcrumb"},"inLanguage":"de-AT","potentialAction":[{"@type":"ReadAction","target":["https:\/\/elkeradhuber.at\/?page_id=1253"]}]},{"@type":"ImageObject","inLanguage":"de-AT","@id":"https:\/\/elkeradhuber.at\/?page_id=1253#primaryimage","url":"https:\/\/cdn-icons-png.flaticon.com\/512\/174\/174855.png","contentUrl":"https:\/\/cdn-icons-png.flaticon.com\/512\/174\/174855.png"},{"@type":"BreadcrumbList","@id":"https:\/\/elkeradhuber.at\/?page_id=1253#breadcrumb","itemListElement":[{"@type":"ListItem","position":1,"name":"Home","item":"https:\/\/elkeradhuber.at\/"},{"@type":"ListItem","position":2,"name":"03-08_Coaching&#038;Training__Disruptive_Thinking"}]},{"@type":"WebSite","@id":"https:\/\/elkeradhuber.at\/#website","url":"https:\/\/elkeradhuber.at\/","name":"Mag. Elke Radhuber | Psychotherapie und Coaching","description":"Webseite zur Praxis f\u00fcr Psychotherapie und Coaching von Mag. Elke Radhuber","publisher":{"@id":"https:\/\/elkeradhuber.at\/#organization"},"alternateName":"Praxis f\u00fcr Psychotherapie und Coaching | Mag. Elke Radhuber","potentialAction":[{"@type":"SearchAction","target":{"@type":"EntryPoint","urlTemplate":"https:\/\/elkeradhuber.at\/?s={search_term_string}"},"query-input":{"@type":"PropertyValueSpecification","valueRequired":true,"valueName":"search_term_string"}}],"inLanguage":"de-AT"},{"@type":"Organization","@id":"https:\/\/elkeradhuber.at\/#organization","name":"Mag. Elke Radhuber | Praxis f\u00fcr Psychotherapie und Coaching","alternateName":"Praxis f\u00fcr Psychotherapie und Coaching | Mag. Elke Radhuber","url":"https:\/\/elkeradhuber.at\/","logo":{"@type":"ImageObject","inLanguage":"de-AT","@id":"https:\/\/elkeradhuber.at\/#\/schema\/logo\/image\/","url":"https:\/\/elkeradhuber.at\/wp-content\/uploads\/2020\/03\/elke_079_extended.jpg","contentUrl":"https:\/\/elkeradhuber.at\/wp-content\/uploads\/2020\/03\/elke_079_extended.jpg","width":1920,"height":1282,"caption":"Mag. Elke Radhuber | Praxis f\u00fcr Psychotherapie und Coaching"},"image":{"@id":"https:\/\/elkeradhuber.at\/#\/schema\/logo\/image\/"},"sameAs":["https:\/\/www.facebook.com\/psychotherapieradhuber\/","https:\/\/www.instagram.com\/elke_radhuber\/"]}]}},"_links":{"self":[{"href":"https:\/\/elkeradhuber.at\/index.php?rest_route=\/wp\/v2\/pages\/1253","targetHints":{"allow":["GET"]}}],"collection":[{"href":"https:\/\/elkeradhuber.at\/index.php?rest_route=\/wp\/v2\/pages"}],"about":[{"href":"https:\/\/elkeradhuber.at\/index.php?rest_route=\/wp\/v2\/types\/page"}],"author":[{"embeddable":true,"href":"https:\/\/elkeradhuber.at\/index.php?rest_route=\/wp\/v2\/users\/3"}],"replies":[{"embeddable":true,"href":"https:\/\/elkeradhuber.at\/index.php?rest_route=%2Fwp%2Fv2%2Fcomments&post=1253"}],"version-history":[{"count":47,"href":"https:\/\/elkeradhuber.at\/index.php?rest_route=\/wp\/v2\/pages\/1253\/revisions"}],"predecessor-version":[{"id":1260,"href":"https:\/\/elkeradhuber.at\/index.php?rest_route=\/wp\/v2\/pages\/1253\/revisions\/1260"}],"wp:attachment":[{"href":"https:\/\/elkeradhuber.at\/index.php?rest_route=%2Fwp%2Fv2%2Fmedia&parent=1253"}],"curies":[{"name":"wp","href":"https:\/\/api.w.org\/{rel}","templated":true}]}}