{"id":1225,"date":"2020-04-06T21:01:15","date_gmt":"2020-04-06T20:01:15","guid":{"rendered":"https:\/\/elkeradhuber.at\/?page_id=1225"},"modified":"2020-04-06T21:10:06","modified_gmt":"2020-04-06T20:10:06","slug":"03-05_coachingtraining__videosprechstunde","status":"publish","type":"page","link":"https:\/\/elkeradhuber.at\/?page_id=1225","title":{"rendered":"03-05_Coaching&#038;Training__Videosprechstunde"},"content":{"rendered":"<div id=\"pl-1225\"  class=\"panel-layout\" ><div id=\"pg-1225-0\"  class=\"panel-grid panel-no-style\" ><div id=\"pgc-1225-0-0\"  class=\"panel-grid-cell\" ><div id=\"panel-1225-0-0-0\" class=\"so-panel widget widget_black-studio-tinymce widget_black_studio_tinymce panel-first-child panel-last-child\" data-index=\"0\" ><div class=\"textwidget\"><div>\n<span class=\"home-boxheadline\">Verwendung<\/span><\/p>\n<p style=\"text-align: justify;\"><span class=\"home-boxtext\">Ich biete Videosprechstunden an, wenn vor\u00fcbergehend pers\u00f6nliche Treffen nicht m\u00f6glich sind. Das ist beispielsweise derzeit der Fall, da durch die Coronakrise die Einschr\u00e4nkung von pers\u00f6nlichen Kontakten notwendig geworden ist. Das kann aber beispielsweise auch bei h\u00e4ufigen Gesch\u00e4ftsreisen oder einer schwierigen Kinderbetreuungssituation notwendig sein. Auf Wunsch wird im Einzelfall besprochen, ob eine Online-Betreuung eine gute Alternative darstellen k\u00f6nnte bzw. Ressourcen daf\u00fcr vorhanden sind.<br \/>\n<\/span><\/p>\n<\/div>\n<\/div><\/div><\/div><\/div><div id=\"pg-1225-1\"  class=\"panel-grid panel-no-style\" ><div id=\"pgc-1225-1-0\"  class=\"panel-grid-cell\" ><div id=\"panel-1225-1-0-0\" class=\"so-panel widget widget_sow-image panel-first-child panel-last-child\" data-index=\"1\" ><div\n\t\t\t\n\t\t\tclass=\"so-widget-sow-image so-widget-sow-image-default-8b5b6f678277-1225\"\n\t\t\t\n\t\t>\n<div class=\"sow-image-container\">\n\t\t<img \n\tsrc=\"gantry-media:\/\/03_Coaching_Training\/05_Skype_Beratung\/Skype-Beratung_home-office-336373x_pixabay_von_free-Photos_1024x682px.jpg\" title=\"03-05_Coaching&#038;Training__Videosprechstunde\" alt=\"Skype Beratung per Laptop\" \t\tclass=\"so-widget-image\"\/>\n\t<\/div>\n\n<\/div><\/div><\/div><\/div><div id=\"pg-1225-2\"  class=\"panel-grid panel-no-style\" ><div id=\"pgc-1225-2-0\"  class=\"panel-grid-cell\" ><div id=\"panel-1225-2-0-0\" class=\"so-panel widget widget_black-studio-tinymce widget_black_studio_tinymce panel-first-child panel-last-child\" data-index=\"2\" ><div class=\"textwidget\"><div>\n<p><span class=\"home-boxheadline\">Wie funktioniert es?<br \/>\n<\/span><\/p>\n<ul class=\"a\" style=\"text-align: justify;\">\n<li>Vor unserem vereinbarten Termin \u00fcbermittle ich einen Link, der zum vereinbarten Zeitpunkt einfach ge\u00f6ffnet werden muss. Dar\u00fcber kann dann die Verbindung und Videosprechstunde erfolgen.<\/li>\n<li>Der von mir vorgeschlagene Dienst (ClickDoc) ist ein hierf\u00fcr zertifizierter Anbieter (mit Link hinterlegen: https:\/\/www.kbv.de\/media\/sp\/Liste_zertifizierte_Videodienstanbieter.pdf).<\/li>\n<\/ul>\n<p><span class=\"home-boxheadline\">Voraussetzung<br \/>\n<\/span><\/p>\n<ul class=\"a\" style=\"text-align: justify;\">\n<li>Video-Call ist via PC, Tablet oder Smartphone m\u00f6glich.<br \/>\n(Ton- und Bild\u00fcbertragungsm\u00f6glichkeit vorhanden)<\/li>\n<li>Es muss keine eigene Software installiert werden<\/li>\n<li>Ungest\u00f6rte Umgebung bzw. Privatsph\u00e4re<\/li>\n<\/ul>\n<p><span class=\"home-boxheadline\">Wichtige Hinweise<br \/>\n<\/span><\/p>\n<ul class=\"a\">\n<li>Terminvereinbarung notwendig: Ich freue mich auf ihre Terminanfragen per eMail. Telefonische Terminvereinbarung ist selbstverst\u00e4ndlich ebenfalls m\u00f6glich.<\/li>\n<li>F\u00fcr den Zeitraum der Corona-Krise ist auch bei Online-Terminen (Psychotherapie) eine Teilrefundierung \u00fcber die Krankenkassa m\u00f6glich. Zuschuss betr\u00e4gt je nach Krankenkassa zwischen Euro 28,-- und Euro 50,--)<\/li>\n<li>Absage- und Honorarvereinbarung gelten f\u00fcr Online-Termine gleicherma\u00dfen.<\/li>\n<\/ul>\n<\/div>\n<\/div><\/div><\/div><\/div><\/div>","protected":false},"excerpt":{"rendered":"<p>Verwendung Ich biete Videosprechstunden an, wenn vor\u00fcbergehend pers\u00f6nliche Treffen nicht m\u00f6glich sind. Das ist beispielsweise derzeit der Fall, da durch die Coronakrise die Einschr\u00e4nkung von pers\u00f6nlichen Kontakten notwendig geworden ist. Das kann aber beispielsweise auch bei h\u00e4ufigen Gesch\u00e4ftsreisen oder einer schwierigen Kinderbetreuungssituation notwendig sein. Auf Wunsch wird im Einzelfall besprochen, ob eine Online-Betreuung eine gute [&hellip;]<\/p>\n","protected":false},"author":3,"featured_media":0,"parent":0,"menu_order":0,"comment_status":"closed","ping_status":"closed","template":"","meta":{"footnotes":""},"class_list":["post-1225","page","type-page","status-publish","hentry"],"yoast_head":"<!-- This site is optimized with the Yoast SEO plugin v26.2 - https:\/\/yoast.com\/wordpress\/plugins\/seo\/ -->\n<title>03-05_Coaching&amp;Training__Videosprechstunde | Mag. Elke Radhuber | Psychotherapie und Coaching<\/title>\n<meta name=\"robots\" content=\"index, follow, max-snippet:-1, max-image-preview:large, max-video-preview:-1\" \/>\n<link rel=\"canonical\" href=\"https:\/\/elkeradhuber.at\/?page_id=1225\" \/>\n<meta property=\"og:locale\" content=\"de_DE\" \/>\n<meta property=\"og:type\" content=\"article\" \/>\n<meta property=\"og:title\" content=\"03-05_Coaching&amp;Training__Videosprechstunde | Mag. Elke Radhuber | Psychotherapie und Coaching\" \/>\n<meta property=\"og:description\" content=\"Verwendung Ich biete Videosprechstunden an, wenn vor\u00fcbergehend pers\u00f6nliche Treffen nicht m\u00f6glich sind. Das ist beispielsweise derzeit der Fall, da durch die Coronakrise die Einschr\u00e4nkung von pers\u00f6nlichen Kontakten notwendig geworden ist. Das kann aber beispielsweise auch bei h\u00e4ufigen Gesch\u00e4ftsreisen oder einer schwierigen Kinderbetreuungssituation notwendig sein. Auf Wunsch wird im Einzelfall besprochen, ob eine Online-Betreuung eine gute [&hellip;]\" \/>\n<meta property=\"og:url\" content=\"https:\/\/elkeradhuber.at\/?page_id=1225\" \/>\n<meta property=\"og:site_name\" content=\"Mag. Elke Radhuber | Psychotherapie und Coaching\" \/>\n<meta property=\"article:publisher\" content=\"https:\/\/www.facebook.com\/psychotherapieradhuber\/\" \/>\n<meta property=\"article:modified_time\" content=\"2020-04-06T20:10:06+00:00\" \/>\n<meta property=\"og:image\" content=\"https:\/\/elkeradhuber.at\/wp-content\/uploads\/2025\/10\/Praxis_Mag_Elke_Radhuber_1200x675px.png\" \/>\n\t<meta property=\"og:image:width\" content=\"1200\" \/>\n\t<meta property=\"og:image:height\" content=\"675\" \/>\n\t<meta property=\"og:image:type\" content=\"image\/png\" \/>\n<meta name=\"twitter:card\" content=\"summary_large_image\" \/>\n<meta name=\"twitter:label1\" content=\"Gesch\u00e4tzte Lesezeit\" \/>\n\t<meta name=\"twitter:data1\" content=\"1 Minute\" \/>\n<script type=\"application\/ld+json\" class=\"yoast-schema-graph\">{\"@context\":\"https:\/\/schema.org\",\"@graph\":[{\"@type\":\"WebPage\",\"@id\":\"https:\/\/elkeradhuber.at\/?page_id=1225\",\"url\":\"https:\/\/elkeradhuber.at\/?page_id=1225\",\"name\":\"03-05_Coaching&Training__Videosprechstunde | Mag. Elke Radhuber | Psychotherapie und Coaching\",\"isPartOf\":{\"@id\":\"https:\/\/elkeradhuber.at\/#website\"},\"datePublished\":\"2020-04-06T20:01:15+00:00\",\"dateModified\":\"2020-04-06T20:10:06+00:00\",\"breadcrumb\":{\"@id\":\"https:\/\/elkeradhuber.at\/?page_id=1225#breadcrumb\"},\"inLanguage\":\"de-AT\",\"potentialAction\":[{\"@type\":\"ReadAction\",\"target\":[\"https:\/\/elkeradhuber.at\/?page_id=1225\"]}]},{\"@type\":\"BreadcrumbList\",\"@id\":\"https:\/\/elkeradhuber.at\/?page_id=1225#breadcrumb\",\"itemListElement\":[{\"@type\":\"ListItem\",\"position\":1,\"name\":\"Home\",\"item\":\"https:\/\/elkeradhuber.at\/\"},{\"@type\":\"ListItem\",\"position\":2,\"name\":\"03-05_Coaching&#038;Training__Videosprechstunde\"}]},{\"@type\":\"WebSite\",\"@id\":\"https:\/\/elkeradhuber.at\/#website\",\"url\":\"https:\/\/elkeradhuber.at\/\",\"name\":\"Mag. Elke Radhuber | Psychotherapie und Coaching\",\"description\":\"Webseite zur Praxis f\u00fcr Psychotherapie und Coaching von Mag. Elke Radhuber\",\"publisher\":{\"@id\":\"https:\/\/elkeradhuber.at\/#organization\"},\"alternateName\":\"Praxis f\u00fcr Psychotherapie und Coaching | Mag. Elke Radhuber\",\"potentialAction\":[{\"@type\":\"SearchAction\",\"target\":{\"@type\":\"EntryPoint\",\"urlTemplate\":\"https:\/\/elkeradhuber.at\/?s={search_term_string}\"},\"query-input\":{\"@type\":\"PropertyValueSpecification\",\"valueRequired\":true,\"valueName\":\"search_term_string\"}}],\"inLanguage\":\"de-AT\"},{\"@type\":\"Organization\",\"@id\":\"https:\/\/elkeradhuber.at\/#organization\",\"name\":\"Mag. Elke Radhuber | Praxis f\u00fcr Psychotherapie und Coaching\",\"alternateName\":\"Praxis f\u00fcr Psychotherapie und Coaching | Mag. Elke Radhuber\",\"url\":\"https:\/\/elkeradhuber.at\/\",\"logo\":{\"@type\":\"ImageObject\",\"inLanguage\":\"de-AT\",\"@id\":\"https:\/\/elkeradhuber.at\/#\/schema\/logo\/image\/\",\"url\":\"https:\/\/elkeradhuber.at\/wp-content\/uploads\/2020\/03\/elke_079_extended.jpg\",\"contentUrl\":\"https:\/\/elkeradhuber.at\/wp-content\/uploads\/2020\/03\/elke_079_extended.jpg\",\"width\":1920,\"height\":1282,\"caption\":\"Mag. Elke Radhuber | Praxis f\u00fcr Psychotherapie und Coaching\"},\"image\":{\"@id\":\"https:\/\/elkeradhuber.at\/#\/schema\/logo\/image\/\"},\"sameAs\":[\"https:\/\/www.facebook.com\/psychotherapieradhuber\/\",\"https:\/\/www.instagram.com\/elke_radhuber\/\"]}]}<\/script>\n<!-- \/ Yoast SEO plugin. -->","yoast_head_json":{"title":"03-05_Coaching&Training__Videosprechstunde | Mag. Elke Radhuber | Psychotherapie und Coaching","robots":{"index":"index","follow":"follow","max-snippet":"max-snippet:-1","max-image-preview":"max-image-preview:large","max-video-preview":"max-video-preview:-1"},"canonical":"https:\/\/elkeradhuber.at\/?page_id=1225","og_locale":"de_DE","og_type":"article","og_title":"03-05_Coaching&Training__Videosprechstunde | Mag. Elke Radhuber | Psychotherapie und Coaching","og_description":"Verwendung Ich biete Videosprechstunden an, wenn vor\u00fcbergehend pers\u00f6nliche Treffen nicht m\u00f6glich sind. Das ist beispielsweise derzeit der Fall, da durch die Coronakrise die Einschr\u00e4nkung von pers\u00f6nlichen Kontakten notwendig geworden ist. Das kann aber beispielsweise auch bei h\u00e4ufigen Gesch\u00e4ftsreisen oder einer schwierigen Kinderbetreuungssituation notwendig sein. Auf Wunsch wird im Einzelfall besprochen, ob eine Online-Betreuung eine gute [&hellip;]","og_url":"https:\/\/elkeradhuber.at\/?page_id=1225","og_site_name":"Mag. Elke Radhuber | Psychotherapie und Coaching","article_publisher":"https:\/\/www.facebook.com\/psychotherapieradhuber\/","article_modified_time":"2020-04-06T20:10:06+00:00","og_image":[{"width":1200,"height":675,"url":"https:\/\/elkeradhuber.at\/wp-content\/uploads\/2025\/10\/Praxis_Mag_Elke_Radhuber_1200x675px.png","type":"image\/png"}],"twitter_card":"summary_large_image","twitter_misc":{"Gesch\u00e4tzte Lesezeit":"1 Minute"},"schema":{"@context":"https:\/\/schema.org","@graph":[{"@type":"WebPage","@id":"https:\/\/elkeradhuber.at\/?page_id=1225","url":"https:\/\/elkeradhuber.at\/?page_id=1225","name":"03-05_Coaching&Training__Videosprechstunde | Mag. Elke Radhuber | Psychotherapie und Coaching","isPartOf":{"@id":"https:\/\/elkeradhuber.at\/#website"},"datePublished":"2020-04-06T20:01:15+00:00","dateModified":"2020-04-06T20:10:06+00:00","breadcrumb":{"@id":"https:\/\/elkeradhuber.at\/?page_id=1225#breadcrumb"},"inLanguage":"de-AT","potentialAction":[{"@type":"ReadAction","target":["https:\/\/elkeradhuber.at\/?page_id=1225"]}]},{"@type":"BreadcrumbList","@id":"https:\/\/elkeradhuber.at\/?page_id=1225#breadcrumb","itemListElement":[{"@type":"ListItem","position":1,"name":"Home","item":"https:\/\/elkeradhuber.at\/"},{"@type":"ListItem","position":2,"name":"03-05_Coaching&#038;Training__Videosprechstunde"}]},{"@type":"WebSite","@id":"https:\/\/elkeradhuber.at\/#website","url":"https:\/\/elkeradhuber.at\/","name":"Mag. Elke Radhuber | Psychotherapie und Coaching","description":"Webseite zur Praxis f\u00fcr Psychotherapie und Coaching von Mag. Elke Radhuber","publisher":{"@id":"https:\/\/elkeradhuber.at\/#organization"},"alternateName":"Praxis f\u00fcr Psychotherapie und Coaching | Mag. Elke Radhuber","potentialAction":[{"@type":"SearchAction","target":{"@type":"EntryPoint","urlTemplate":"https:\/\/elkeradhuber.at\/?s={search_term_string}"},"query-input":{"@type":"PropertyValueSpecification","valueRequired":true,"valueName":"search_term_string"}}],"inLanguage":"de-AT"},{"@type":"Organization","@id":"https:\/\/elkeradhuber.at\/#organization","name":"Mag. Elke Radhuber | Praxis f\u00fcr Psychotherapie und Coaching","alternateName":"Praxis f\u00fcr Psychotherapie und Coaching | Mag. Elke Radhuber","url":"https:\/\/elkeradhuber.at\/","logo":{"@type":"ImageObject","inLanguage":"de-AT","@id":"https:\/\/elkeradhuber.at\/#\/schema\/logo\/image\/","url":"https:\/\/elkeradhuber.at\/wp-content\/uploads\/2020\/03\/elke_079_extended.jpg","contentUrl":"https:\/\/elkeradhuber.at\/wp-content\/uploads\/2020\/03\/elke_079_extended.jpg","width":1920,"height":1282,"caption":"Mag. Elke Radhuber | Praxis f\u00fcr Psychotherapie und Coaching"},"image":{"@id":"https:\/\/elkeradhuber.at\/#\/schema\/logo\/image\/"},"sameAs":["https:\/\/www.facebook.com\/psychotherapieradhuber\/","https:\/\/www.instagram.com\/elke_radhuber\/"]}]}},"_links":{"self":[{"href":"https:\/\/elkeradhuber.at\/index.php?rest_route=\/wp\/v2\/pages\/1225","targetHints":{"allow":["GET"]}}],"collection":[{"href":"https:\/\/elkeradhuber.at\/index.php?rest_route=\/wp\/v2\/pages"}],"about":[{"href":"https:\/\/elkeradhuber.at\/index.php?rest_route=\/wp\/v2\/types\/page"}],"author":[{"embeddable":true,"href":"https:\/\/elkeradhuber.at\/index.php?rest_route=\/wp\/v2\/users\/3"}],"replies":[{"embeddable":true,"href":"https:\/\/elkeradhuber.at\/index.php?rest_route=%2Fwp%2Fv2%2Fcomments&post=1225"}],"version-history":[{"count":7,"href":"https:\/\/elkeradhuber.at\/index.php?rest_route=\/wp\/v2\/pages\/1225\/revisions"}],"predecessor-version":[{"id":1231,"href":"https:\/\/elkeradhuber.at\/index.php?rest_route=\/wp\/v2\/pages\/1225\/revisions\/1231"}],"wp:attachment":[{"href":"https:\/\/elkeradhuber.at\/index.php?rest_route=%2Fwp%2Fv2%2Fmedia&parent=1225"}],"curies":[{"name":"wp","href":"https:\/\/api.w.org\/{rel}","templated":true}]}}