{"id":112,"date":"2018-01-10T15:29:33","date_gmt":"2018-01-10T15:29:33","guid":{"rendered":"https:\/\/elkeradhuber.at\/?page_id=112"},"modified":"2019-02-10T10:57:42","modified_gmt":"2019-02-10T10:57:42","slug":"pruefungscoaching","status":"publish","type":"page","link":"https:\/\/elkeradhuber.at\/?page_id=112","title":{"rendered":"03-02_Coaching&#038;Training__Pruefungscoaching"},"content":{"rendered":"<div id=\"pl-112\"  class=\"panel-layout\" ><div id=\"pg-112-0\"  class=\"panel-grid panel-no-style\" ><div id=\"pgc-112-0-0\"  class=\"panel-grid-cell\" ><div id=\"panel-112-0-0-0\" class=\"so-panel widget widget_black-studio-tinymce widget_black_studio_tinymce panel-first-child panel-last-child\" data-index=\"0\" ><div class=\"textwidget\"><p><span class=\"home-boxheadline\">M\u00f6gliche Anzeichen (Auswahl)<\/span><\/p>\n<ul class=\"a\">\n<li>K\u00f6rperliche Sensationen wie z.B. Zittern, Schwei\u00dfausbr\u00fcche, \u00dcbelkeit, Magenprobleme, Kopfschmerzen, Verspannungen, Kreislaufprobleme, Weinen, br\u00fcchige Stimme, versagende Stimme, Rasender Puls\/Herzklopfen, trockener Mund etc.<\/li>\n<li>Versagens\u00e4ngste und andere (destruktive) Gedanken<\/li>\n<li>Blackoutzust\u00e4nde wie z.B. den Faden verlieren, Leeregef\u00fchl etc.<\/li>\n<li>Konzentrationsschwierigkeiten<\/li>\n<li>Ersch\u00f6pfungszust\u00e4nde, M\u00fcdigkeit, Lustlosigkeit etc.<\/li>\n<li>Unangenehme Gef\u00fchle im Zusammenhang mit Selbstwert<\/li>\n<\/ul>\n<\/div><\/div><\/div><div id=\"pgc-112-0-1\"  class=\"panel-grid-cell\" ><div id=\"panel-112-0-1-0\" class=\"so-panel widget widget_sow-image panel-first-child panel-last-child\" data-index=\"1\" ><div class=\"panel-widget-style panel-widget-style-for-112-0-1-0\" ><div\n\t\t\t\n\t\t\tclass=\"so-widget-sow-image so-widget-sow-image-default-e4c2d9f6c920-112\"\n\t\t\t\n\t\t>\n<div class=\"sow-image-container\">\n\t\t<img \n\tsrc=\"gantry-media:\/\/03_Coaching_Training\/02_Pruefungscoaching\/woman-hand-desk-office-crop-u7930.jpg\" title=\"03-02_Coaching&#038;Training__Pruefungscoaching\" alt=\"Studium, Lernen, Nachdenklich, Pr\u00fcfungscoaching\" \t\tclass=\"so-widget-image\"\/>\n\t<\/div>\n\n<\/div><\/div><\/div><\/div><\/div><div id=\"pg-112-1\"  class=\"panel-grid panel-no-style\" ><div id=\"pgc-112-1-0\"  class=\"panel-grid-cell\" ><div id=\"panel-112-1-0-0\" class=\"so-panel widget widget_black-studio-tinymce widget_black_studio_tinymce panel-first-child panel-last-child\" data-index=\"2\" ><div class=\"textwidget\"><div>\n<span class=\"home-boxheadline\">Arbeitsweise<\/span><\/p>\n<p><span class=\"home-boxtext\">Ich arbeite mit vielf\u00e4ltigen systemischen Methoden und lasse neurowissenschaftliche Erkenntnisse einflie\u00dfen. Themenspezifisch kommen hier ma\u00dfgeschneidert auf die Pr\u00fcfungs\/Auftragsangst bestimmte Methoden vermehrt zum Einsatz. Eine Auswahl:<\/span><\/p>\n<ul class=\"a\">\n<li>Fragetechniken zur Entwicklung von hilfreichen Handlungs- und Denkspielr\u00e4umen<\/li>\n<li>L\u00f6sungsfindungs \u2013 und fokussierende Techniken<\/li>\n<li>Vertiefungs- und L\u00f6sungstechniken wie Hypnose-Methoden nach M. Erickson<\/li>\n<li>K\u00f6rperorientierte Techniken zB zur Entspannung oder Konzentrations- und Leistungssteigerung<\/li>\n<li>Visualisierende und darstellende Methoden<\/li>\n<\/ul>\n<\/div>\n<\/div><\/div><\/div><\/div><div id=\"pg-112-2\"  class=\"panel-grid panel-no-style\" ><div id=\"pgc-112-2-0\"  class=\"panel-grid-cell\" ><div id=\"panel-112-2-0-0\" class=\"so-panel widget widget_sow-image panel-first-child panel-last-child\" data-index=\"3\" ><div class=\"panel-widget-style panel-widget-style-for-112-2-0-0\" ><div\n\t\t\t\n\t\t\tclass=\"so-widget-sow-image so-widget-sow-image-default-4e6925654b7a-112\"\n\t\t\t\n\t\t>\n<div class=\"sow-image-container\">\n\t\t<img \n\tsrc=\"gantry-media:\/\/03_Coaching_Training\/02_Pruefungscoaching\/chess1-crop-u7955.jpg\" title=\"03-02_Coaching&#038;Training__Pruefungscoaching\" alt=\"Schach, Sieger, Pr\u00fcfungserfolg \" \t\tclass=\"so-widget-image\"\/>\n\t<\/div>\n\n<\/div><\/div><\/div><\/div><div id=\"pgc-112-2-1\"  class=\"panel-grid-cell\" ><div id=\"panel-112-2-1-0\" class=\"so-panel widget widget_black-studio-tinymce widget_black_studio_tinymce panel-first-child panel-last-child\" data-index=\"4\" ><div class=\"textwidget\"><div>\n<span class=\"home-boxheadline\" style=\"padding-left:45px\">Grunds\u00e4tze<\/span><\/p>\n<ul class=\"a\">\n<li>Absolute Verschwiegenheit bzgl. s\u00e4mtlicher Inhalte.<\/li>\n<li>Beim Coaching begleite ich Sie zu Ihren individuellen L\u00f6sungen.<\/li>\n<li>Ich betrachte den\/die Coachee als ExpertIn seiner\/ihrer selbst, d.h. im Coachingprozess geht es darum, die f\u00fcr sich individuell passenden Antworten zu finden, hilfreiche Strategien und L\u00f6sungen zu entwickeln.<\/li>\n<li>Mit verschiedenen Methoden werden sogenannte Ressourcen und L\u00f6sungsans\u00e4tze freigelegt bzw. gemeinsam entwickelt.<\/li>\n<\/ul>\n<\/div>\n<\/div><\/div><\/div><\/div><\/div>","protected":false},"excerpt":{"rendered":"<p>M\u00f6gliche Anzeichen (Auswahl) K\u00f6rperliche Sensationen wie z.B. Zittern, Schwei\u00dfausbr\u00fcche, \u00dcbelkeit, Magenprobleme, Kopfschmerzen, Verspannungen, Kreislaufprobleme, Weinen, br\u00fcchige Stimme, versagende Stimme, Rasender Puls\/Herzklopfen, trockener Mund etc. Versagens\u00e4ngste und andere (destruktive) Gedanken Blackoutzust\u00e4nde wie z.B. den Faden verlieren, Leeregef\u00fchl etc. Konzentrationsschwierigkeiten Ersch\u00f6pfungszust\u00e4nde, M\u00fcdigkeit, Lustlosigkeit etc. Unangenehme Gef\u00fchle im Zusammenhang mit Selbstwert Arbeitsweise Ich arbeite mit vielf\u00e4ltigen systemischen Methoden [&hellip;]<\/p>\n","protected":false},"author":2,"featured_media":0,"parent":0,"menu_order":0,"comment_status":"closed","ping_status":"closed","template":"","meta":{"footnotes":""},"class_list":["post-112","page","type-page","status-publish","hentry"],"yoast_head":"<!-- This site is optimized with the Yoast SEO plugin v26.2 - https:\/\/yoast.com\/wordpress\/plugins\/seo\/ -->\n<title>03-02_Coaching&amp;Training__Pruefungscoaching | Mag. Elke Radhuber | Psychotherapie und Coaching<\/title>\n<meta name=\"robots\" content=\"index, follow, max-snippet:-1, max-image-preview:large, max-video-preview:-1\" \/>\n<link rel=\"canonical\" href=\"https:\/\/elkeradhuber.at\/?page_id=112\" \/>\n<meta property=\"og:locale\" content=\"de_DE\" \/>\n<meta property=\"og:type\" content=\"article\" \/>\n<meta property=\"og:title\" content=\"03-02_Coaching&amp;Training__Pruefungscoaching | Mag. Elke Radhuber | Psychotherapie und Coaching\" \/>\n<meta property=\"og:description\" content=\"M\u00f6gliche Anzeichen (Auswahl) K\u00f6rperliche Sensationen wie z.B. Zittern, Schwei\u00dfausbr\u00fcche, \u00dcbelkeit, Magenprobleme, Kopfschmerzen, Verspannungen, Kreislaufprobleme, Weinen, br\u00fcchige Stimme, versagende Stimme, Rasender Puls\/Herzklopfen, trockener Mund etc. Versagens\u00e4ngste und andere (destruktive) Gedanken Blackoutzust\u00e4nde wie z.B. den Faden verlieren, Leeregef\u00fchl etc. Konzentrationsschwierigkeiten Ersch\u00f6pfungszust\u00e4nde, M\u00fcdigkeit, Lustlosigkeit etc. Unangenehme Gef\u00fchle im Zusammenhang mit Selbstwert Arbeitsweise Ich arbeite mit vielf\u00e4ltigen systemischen Methoden [&hellip;]\" \/>\n<meta property=\"og:url\" content=\"https:\/\/elkeradhuber.at\/?page_id=112\" \/>\n<meta property=\"og:site_name\" content=\"Mag. Elke Radhuber | Psychotherapie und Coaching\" \/>\n<meta property=\"article:publisher\" content=\"https:\/\/www.facebook.com\/psychotherapieradhuber\/\" \/>\n<meta property=\"article:modified_time\" content=\"2019-02-10T10:57:42+00:00\" \/>\n<meta property=\"og:image\" content=\"https:\/\/elkeradhuber.at\/wp-content\/uploads\/2025\/10\/Praxis_Mag_Elke_Radhuber_1200x675px.png\" \/>\n\t<meta property=\"og:image:width\" content=\"1200\" \/>\n\t<meta property=\"og:image:height\" content=\"675\" \/>\n\t<meta property=\"og:image:type\" content=\"image\/png\" \/>\n<meta name=\"twitter:card\" content=\"summary_large_image\" \/>\n<meta name=\"twitter:label1\" content=\"Gesch\u00e4tzte Lesezeit\" \/>\n\t<meta name=\"twitter:data1\" content=\"1 Minute\" \/>\n<script type=\"application\/ld+json\" class=\"yoast-schema-graph\">{\"@context\":\"https:\/\/schema.org\",\"@graph\":[{\"@type\":\"WebPage\",\"@id\":\"https:\/\/elkeradhuber.at\/?page_id=112\",\"url\":\"https:\/\/elkeradhuber.at\/?page_id=112\",\"name\":\"03-02_Coaching&Training__Pruefungscoaching | Mag. Elke Radhuber | Psychotherapie und Coaching\",\"isPartOf\":{\"@id\":\"https:\/\/elkeradhuber.at\/#website\"},\"datePublished\":\"2018-01-10T15:29:33+00:00\",\"dateModified\":\"2019-02-10T10:57:42+00:00\",\"breadcrumb\":{\"@id\":\"https:\/\/elkeradhuber.at\/?page_id=112#breadcrumb\"},\"inLanguage\":\"de-AT\",\"potentialAction\":[{\"@type\":\"ReadAction\",\"target\":[\"https:\/\/elkeradhuber.at\/?page_id=112\"]}]},{\"@type\":\"BreadcrumbList\",\"@id\":\"https:\/\/elkeradhuber.at\/?page_id=112#breadcrumb\",\"itemListElement\":[{\"@type\":\"ListItem\",\"position\":1,\"name\":\"Home\",\"item\":\"https:\/\/elkeradhuber.at\/\"},{\"@type\":\"ListItem\",\"position\":2,\"name\":\"03-02_Coaching&#038;Training__Pruefungscoaching\"}]},{\"@type\":\"WebSite\",\"@id\":\"https:\/\/elkeradhuber.at\/#website\",\"url\":\"https:\/\/elkeradhuber.at\/\",\"name\":\"Mag. Elke Radhuber | Psychotherapie und Coaching\",\"description\":\"Webseite zur Praxis f\u00fcr Psychotherapie und Coaching von Mag. Elke Radhuber\",\"publisher\":{\"@id\":\"https:\/\/elkeradhuber.at\/#organization\"},\"alternateName\":\"Praxis f\u00fcr Psychotherapie und Coaching | Mag. Elke Radhuber\",\"potentialAction\":[{\"@type\":\"SearchAction\",\"target\":{\"@type\":\"EntryPoint\",\"urlTemplate\":\"https:\/\/elkeradhuber.at\/?s={search_term_string}\"},\"query-input\":{\"@type\":\"PropertyValueSpecification\",\"valueRequired\":true,\"valueName\":\"search_term_string\"}}],\"inLanguage\":\"de-AT\"},{\"@type\":\"Organization\",\"@id\":\"https:\/\/elkeradhuber.at\/#organization\",\"name\":\"Mag. Elke Radhuber | Praxis f\u00fcr Psychotherapie und Coaching\",\"alternateName\":\"Praxis f\u00fcr Psychotherapie und Coaching | Mag. Elke Radhuber\",\"url\":\"https:\/\/elkeradhuber.at\/\",\"logo\":{\"@type\":\"ImageObject\",\"inLanguage\":\"de-AT\",\"@id\":\"https:\/\/elkeradhuber.at\/#\/schema\/logo\/image\/\",\"url\":\"https:\/\/elkeradhuber.at\/wp-content\/uploads\/2020\/03\/elke_079_extended.jpg\",\"contentUrl\":\"https:\/\/elkeradhuber.at\/wp-content\/uploads\/2020\/03\/elke_079_extended.jpg\",\"width\":1920,\"height\":1282,\"caption\":\"Mag. Elke Radhuber | Praxis f\u00fcr Psychotherapie und Coaching\"},\"image\":{\"@id\":\"https:\/\/elkeradhuber.at\/#\/schema\/logo\/image\/\"},\"sameAs\":[\"https:\/\/www.facebook.com\/psychotherapieradhuber\/\",\"https:\/\/www.instagram.com\/elke_radhuber\/\"]}]}<\/script>\n<!-- \/ Yoast SEO plugin. -->","yoast_head_json":{"title":"03-02_Coaching&Training__Pruefungscoaching | Mag. Elke Radhuber | Psychotherapie und Coaching","robots":{"index":"index","follow":"follow","max-snippet":"max-snippet:-1","max-image-preview":"max-image-preview:large","max-video-preview":"max-video-preview:-1"},"canonical":"https:\/\/elkeradhuber.at\/?page_id=112","og_locale":"de_DE","og_type":"article","og_title":"03-02_Coaching&Training__Pruefungscoaching | Mag. Elke Radhuber | Psychotherapie und Coaching","og_description":"M\u00f6gliche Anzeichen (Auswahl) K\u00f6rperliche Sensationen wie z.B. Zittern, Schwei\u00dfausbr\u00fcche, \u00dcbelkeit, Magenprobleme, Kopfschmerzen, Verspannungen, Kreislaufprobleme, Weinen, br\u00fcchige Stimme, versagende Stimme, Rasender Puls\/Herzklopfen, trockener Mund etc. Versagens\u00e4ngste und andere (destruktive) Gedanken Blackoutzust\u00e4nde wie z.B. den Faden verlieren, Leeregef\u00fchl etc. Konzentrationsschwierigkeiten Ersch\u00f6pfungszust\u00e4nde, M\u00fcdigkeit, Lustlosigkeit etc. Unangenehme Gef\u00fchle im Zusammenhang mit Selbstwert Arbeitsweise Ich arbeite mit vielf\u00e4ltigen systemischen Methoden [&hellip;]","og_url":"https:\/\/elkeradhuber.at\/?page_id=112","og_site_name":"Mag. Elke Radhuber | Psychotherapie und Coaching","article_publisher":"https:\/\/www.facebook.com\/psychotherapieradhuber\/","article_modified_time":"2019-02-10T10:57:42+00:00","og_image":[{"width":1200,"height":675,"url":"https:\/\/elkeradhuber.at\/wp-content\/uploads\/2025\/10\/Praxis_Mag_Elke_Radhuber_1200x675px.png","type":"image\/png"}],"twitter_card":"summary_large_image","twitter_misc":{"Gesch\u00e4tzte Lesezeit":"1 Minute"},"schema":{"@context":"https:\/\/schema.org","@graph":[{"@type":"WebPage","@id":"https:\/\/elkeradhuber.at\/?page_id=112","url":"https:\/\/elkeradhuber.at\/?page_id=112","name":"03-02_Coaching&Training__Pruefungscoaching | Mag. Elke Radhuber | Psychotherapie und Coaching","isPartOf":{"@id":"https:\/\/elkeradhuber.at\/#website"},"datePublished":"2018-01-10T15:29:33+00:00","dateModified":"2019-02-10T10:57:42+00:00","breadcrumb":{"@id":"https:\/\/elkeradhuber.at\/?page_id=112#breadcrumb"},"inLanguage":"de-AT","potentialAction":[{"@type":"ReadAction","target":["https:\/\/elkeradhuber.at\/?page_id=112"]}]},{"@type":"BreadcrumbList","@id":"https:\/\/elkeradhuber.at\/?page_id=112#breadcrumb","itemListElement":[{"@type":"ListItem","position":1,"name":"Home","item":"https:\/\/elkeradhuber.at\/"},{"@type":"ListItem","position":2,"name":"03-02_Coaching&#038;Training__Pruefungscoaching"}]},{"@type":"WebSite","@id":"https:\/\/elkeradhuber.at\/#website","url":"https:\/\/elkeradhuber.at\/","name":"Mag. Elke Radhuber | Psychotherapie und Coaching","description":"Webseite zur Praxis f\u00fcr Psychotherapie und Coaching von Mag. Elke Radhuber","publisher":{"@id":"https:\/\/elkeradhuber.at\/#organization"},"alternateName":"Praxis f\u00fcr Psychotherapie und Coaching | Mag. Elke Radhuber","potentialAction":[{"@type":"SearchAction","target":{"@type":"EntryPoint","urlTemplate":"https:\/\/elkeradhuber.at\/?s={search_term_string}"},"query-input":{"@type":"PropertyValueSpecification","valueRequired":true,"valueName":"search_term_string"}}],"inLanguage":"de-AT"},{"@type":"Organization","@id":"https:\/\/elkeradhuber.at\/#organization","name":"Mag. Elke Radhuber | Praxis f\u00fcr Psychotherapie und Coaching","alternateName":"Praxis f\u00fcr Psychotherapie und Coaching | Mag. Elke Radhuber","url":"https:\/\/elkeradhuber.at\/","logo":{"@type":"ImageObject","inLanguage":"de-AT","@id":"https:\/\/elkeradhuber.at\/#\/schema\/logo\/image\/","url":"https:\/\/elkeradhuber.at\/wp-content\/uploads\/2020\/03\/elke_079_extended.jpg","contentUrl":"https:\/\/elkeradhuber.at\/wp-content\/uploads\/2020\/03\/elke_079_extended.jpg","width":1920,"height":1282,"caption":"Mag. Elke Radhuber | Praxis f\u00fcr Psychotherapie und Coaching"},"image":{"@id":"https:\/\/elkeradhuber.at\/#\/schema\/logo\/image\/"},"sameAs":["https:\/\/www.facebook.com\/psychotherapieradhuber\/","https:\/\/www.instagram.com\/elke_radhuber\/"]}]}},"_links":{"self":[{"href":"https:\/\/elkeradhuber.at\/index.php?rest_route=\/wp\/v2\/pages\/112","targetHints":{"allow":["GET"]}}],"collection":[{"href":"https:\/\/elkeradhuber.at\/index.php?rest_route=\/wp\/v2\/pages"}],"about":[{"href":"https:\/\/elkeradhuber.at\/index.php?rest_route=\/wp\/v2\/types\/page"}],"author":[{"embeddable":true,"href":"https:\/\/elkeradhuber.at\/index.php?rest_route=\/wp\/v2\/users\/2"}],"replies":[{"embeddable":true,"href":"https:\/\/elkeradhuber.at\/index.php?rest_route=%2Fwp%2Fv2%2Fcomments&post=112"}],"version-history":[{"count":57,"href":"https:\/\/elkeradhuber.at\/index.php?rest_route=\/wp\/v2\/pages\/112\/revisions"}],"predecessor-version":[{"id":1128,"href":"https:\/\/elkeradhuber.at\/index.php?rest_route=\/wp\/v2\/pages\/112\/revisions\/1128"}],"wp:attachment":[{"href":"https:\/\/elkeradhuber.at\/index.php?rest_route=%2Fwp%2Fv2%2Fmedia&parent=112"}],"curies":[{"name":"wp","href":"https:\/\/api.w.org\/{rel}","templated":true}]}}